{"id":1085,"date":"2018-06-06T11:26:00","date_gmt":"2018-06-06T11:26:00","guid":{"rendered":"http:\/\/asf-braunschweig.de\/?page_id=1085"},"modified":"2018-06-07T11:57:56","modified_gmt":"2018-06-07T11:57:56","slug":"datenschutzerklaerung","status":"publish","type":"page","link":"https:\/\/asf-braunschweig.de\/?page_id=1085","title":{"rendered":"Datenschutzerkl\u00e4rung"},"content":{"rendered":"<p><strong>Datenschutzhinweise<\/strong><\/p>\n<p>Wir, die Alpinen Spochtsfreunde Braunschweig (ASF), freuen uns, dass Sie unsere Website besuchen und bedanken uns f\u00fcr Ihr Interesse. Im Folgenden informieren wir Sie \u00fcber den Umgang mit Ihren personenbezogenen Daten bei Nutzung unserer Website. Personenbezogene Daten sind hierbei alle Daten, mit denen Sie pers\u00f6nlich identifiziert werden k\u00f6nnen.<\/p>\n<p>Wir nehmen den Schutz Ihrer pers\u00f6nlichen Daten sehr ernst und halten uns strikt an die Regeln der Datenschutzgesetze. In keinem Fall werden die erhobenen Daten verkauft oder aus anderen Gr\u00fcnden an Dritte weitergegeben!<\/p>\n<p>Wir weisen darauf hin, dass die Daten\u00fcbertragung im Internet (z.B. bei der Kommunikation per E-Mail) Sicherheitsl\u00fccken aufweisen kann. Ein l\u00fcckenloser Schutz der Daten vor dem Zugriff durch Dritte ist nicht m\u00f6glich.<\/p>\n<p>Die nachfolgende Erkl\u00e4rung gibt Ihnen einen \u00dcberblick dar\u00fcber, wie wir diesen Schutz gew\u00e4hrleisten und welche Art von Daten zu welchem Zweck erhoben werden.<\/p>\n<p>1. Information \u00fcber die Erhebung personenbezogener Daten und Kontaktdaten des Verantwortlichen<br \/>\n2. Datenerfassung beim Besuch unserer Website<br \/>\n3. Cookies<br \/>\n4. Web Analytics<br \/>\n5. Kontaktaufnahme<br \/>\n6. Datenverarbeitung bei Anmeldung zu Lehrg\u00e4ngen<br \/>\n7. Empf\u00e4nger von personenbezogenen Daten<br \/>\n8. Rechte des Betroffenen<br \/>\n9. Soziale Netzwerke, Plugins und Tools<br \/>\n10. Dauer der Speicherung personenbezogener Daten<\/p>\n<p><strong>1. Information \u00fcber die Erhebung personenbezogener Daten und Kontaktdaten des Verantwortlichen<\/strong><\/p>\n<p>Die Datenverarbeitung auf dieser Website erfolgt durch den Websitebetreiber. Dessen Kontaktdaten k\u00f6nnen Sie dem Impressum dieser Website entnehmen.<\/p>\n<p>Der f\u00fcr die Verarbeitung von personenbezogenen Daten Verantwortliche ist diejenige nat\u00fcrliche oder juristische Person, die allein oder gemeinsam mit anderen \u00fcber die Zwecke und Mittel der Verarbeitung von personenbezogenen Daten entscheidet.<br \/>\nDiese Website nutzt aus Sicherheitsgr\u00fcnden und zum Schutz der \u00dcbertragung personenbezogene Daten und anderer vertraulicher Inhalte (z.B. Bestellungen oder Anfragen an den Verantwortlichen) eine SSL-bzw. TLS-Verschl\u00fcsselung. Sie k\u00f6nnen eine verschl\u00fcsselte Verbindung an der Zeichenfolge &#8222;https:\/\/&#8220; und dem Schloss-Symbol in Ihrer Browserzeile erkennen.<\/p>\n<p><strong>2. Datenerfassung beim Besuch unserer Website<\/strong><\/p>\n<p>Ihre Daten werden zum einen dadurch erhoben, dass Sie uns diese mitteilen. Hierbei kann es sich z.B. um Daten handeln, die Sie bei der Anmeldung zu unserer Skifreizeit eingeben.<\/p>\n<p>Bei der blo\u00df informatorischen Nutzung unserer Website, also wenn Sie sich nicht f\u00fcr unsere Skifreizeit anmelden oder uns anderweitig Informationen \u00fcbermitteln, erheben wir nur solche Daten, die Ihr Browser an unseren Server \u00fcbermittelt (sog. &#8222;Server-Logfiles&#8220;). Wenn Sie unsere Website aufrufen, erheben wir die folgenden Daten, die f\u00fcr uns technisch erforderlich sind, um Ihnen die Website anzuzeigen:<\/p>\n<p>Unsere besuchte Website<br \/>\nDatum und Uhrzeit zum Zeitpunkt des Zugriffes<br \/>\nMenge der gesendeten Daten in Byte<br \/>\nQuelle\/Verweis, von welchem Sie auf die Seite gelangten<br \/>\nVerwendeter Browser<br \/>\nVerwendetes Betriebssystem<br \/>\nVerwendete IP-Adresse (ggf.: in anonymisierter Form)<br \/>\nDie Verarbeitung erfolgt gem\u00e4\u00df Art. 6 Abs. 1 lit. f DSGVO auf Basis unseres berechtigten Interesses an der Verbesserung der Stabilit\u00e4t und Funktionalit\u00e4t unserer Website. Eine Weitergabe oder anderweitige Verwendung der Daten findet nicht statt. Wir behalten uns allerdings vor, die Server-Logfiles nachtr\u00e4glich zu \u00fcberpr\u00fcfen, sollten konkrete Anhaltspunkte auf eine rechtswidrige Nutzung hinweisen. Eine Zusammenf\u00fchrung dieser Daten mit anderen Datenquellen wird nicht vorgenommen.<\/p>\n<p><strong>3. Cookies<\/strong><\/p>\n<p>Um den Besuch unserer Website attraktiv zu gestalten und die Nutzung bestimmter Funktionen zu erm\u00f6glichen, verwenden wir auf verschiedenen Seiten sogenannte Cookies. Hierbei handelt es sich um kleine Textdateien, die auf Ihrem Endger\u00e4t abgelegt werden. Einige der von uns verwendeten Cookies werden nach dem Ende der Browser-Sitzung, also nach Schlie\u00dfen Ihres Browsers, wieder gel\u00f6scht (sog. Sitzungs-Cookies). Andere Cookies verbleiben auf Ihrem Endger\u00e4t und erm\u00f6glichen uns oder unseren Partnerunternehmen (Cookies von Drittanbietern), Ihren Browser beim n\u00e4chsten Besuch wiederzuerkennen (persistente Cookies). Werden Cookies gesetzt, erheben und verarbeiten diese im individuellen Umfang bestimmte Nutzerinformationen wie Browser- und Standortdaten sowie IP-Adresswerte. Persistente Cookies werden automatisiert nach einer vorgegebenen Dauer gel\u00f6scht, die sich je nach Cookie unterscheiden kann. Teilweise dienen die Cookies dazu, durch Speicherung von Einstellungen den Bestellprozess zu vereinfachen (z.B. Merken des Inhalts eines virtuellen Warenkorbs f\u00fcr einen sp\u00e4teren Besuch auf der Website). Sofern durch einzelne von uns implementierte Cookies auch personenbezogene Daten verarbeitet werden, erfolgt die Verarbeitung gem\u00e4\u00df Art. 6 Abs. 1 lit. b DSGVO entweder zur Durchf\u00fchrung des Vertrages oder gem\u00e4\u00df Art. 6 Abs. 1 lit. f DSGVO zur Wahrung unserer berechtigten Interessen an der bestm\u00f6glichen Funktionalit\u00e4t der Website sowie einer kundenfreundlichen und effektiven Ausgestaltung des Seitenbesuchs.<br \/>\nWir arbeiten unter Umst\u00e4nden mit Werbepartnern zusammen, die uns helfen, unser Internetangebot f\u00fcr Sie interessanter zu gestalten. Zu diesem Zweck werden bei Ihrem Besuch unserer Website gegebenenfalls auch Cookies von Partnerunternehmen auf Ihrer Festplatte gespeichert (Cookies von Drittanbietern). \u00dcber den Einsatz derartiger Cookies und den Umfang der jeweils erhobenen Informationen werden Sie innerhalb der nachstehenden Abs\u00e4tze individuell und gesondert informiert.<br \/>\nBitte beachten Sie, dass Sie Ihren Browser so einstellen k\u00f6nnen, dass Sie \u00fcber das Setzen von Cookies informiert werden und einzeln \u00fcber deren Annahme entscheiden oder die Annahme von Cookies f\u00fcr bestimmte F\u00e4lle oder generell ausschlie\u00dfen k\u00f6nnen. Jeder Browser unterscheidet sich in der Art, wie er die Cookie-Einstellungen verwaltet. Diese ist in dem Hilfemen\u00fc jedes Browsers beschrieben, welches Ihnen erl\u00e4utert, wie Sie Ihre Cookie-Einstellungen \u00e4ndern k\u00f6nnen. Diese finden Sie f\u00fcr die jeweiligen Browser unter den folgenden Links:<\/p>\n<p>Internet Explorer: http:\/\/windows.microsoft.com\/de-DE\/windows-vista\/Block-or-allow-cookies<br \/>\nFirefox: https:\/\/support.mozilla.org\/de\/kb\/cookies-erlauben-und-ablehnen<br \/>\nChrome: https:\/\/support.google.com\/chrome\/answer\/95647?hl=de&amp;co=GENIE.Platform=Desktop<br \/>\nSafari: https:\/\/support.apple.com\/kb\/ph21411?locale=de_DE<br \/>\nOpera: http:\/\/help.opera.com\/Linux\/12.10\/de\/cookies.html<\/p>\n<p>Bei beachten Sie, dass bei Nichtannahme von Cookies die Funktionalit\u00e4t unserer Website eingeschr\u00e4nkt sein kann.<\/p>\n<p><strong>4. Web Analytics<\/strong><\/p>\n<p>Diese Website benutzt Google Analytics, einen Webanalysedienst der Google Inc. (\u201eGoogle\u201c). Google Analytics verwendet sog. \u201eCookies\u201c, Textdateien, die auf Ihrem Computer gespeichert werden und die eine Analyse der Benutzung der Website durch Sie erm\u00f6glichen. Die durch das Cookie erzeugten Informationen \u00fcber Ihre Benutzung dieser Website werden in der Regel an einen Server von Google in den USA \u00fcbertragen und dort gespeichert. Im Falle der Aktivierung der IP-Anonymisierung auf dieser Webseite, wird Ihre IP-Adresse von Google jedoch innerhalb von Mitgliedstaaten der Europ\u00e4ischen Union oder in anderen Vertragsstaaten des Abkommens \u00fcber den Europ\u00e4ischen Wirtschaftsraum zuvor gek\u00fcrzt. Nur in Ausnahmef\u00e4llen wird die volle IP-Adresse an einen Server von Google in den USA \u00fcbertragen und dort gek\u00fcrzt.<\/p>\n<p>Wir weisen Sie darauf hin, dass auf dieser Website Google Analytics um den Code \u201eanonymizeIp\u201c erweitert wurde, um eine anonymisierte Erfassung von IP-Adressen (sog. IP-Masking) zu gew\u00e4hrleisten. (Quelle: www.datenschutzbeauftragter-info.de)<\/p>\n<p>Im Auftrag des Betreibers dieser Website wird Google diese Informationen benutzen, um Ihre Nutzung der Website auszuwerten, um Reports \u00fcber die Websiteaktivit\u00e4ten zusammenzustellen und um weitere mit der Websitenutzung und der Internetnutzung verbundene Dienstleistungen gegen\u00fcber dem Websitebetreiber zu erbringen. Die im Rahmen von Google Analytics von Ihrem Browser \u00fcbermittelte IP-Adresse wird nicht mit anderen Daten von Google zusammengef\u00fchrt. Sie k\u00f6nnen die Speicherung der Cookies durch eine entsprechende Einstellung Ihrer Browser-Software verhindern; wir weisen Sie jedoch darauf hin, dass Sie in diesem Fall gegebenenfalls nicht s\u00e4mtliche Funktionen dieser Website vollumf\u00e4nglich werden nutzen k\u00f6nnen. Sie k\u00f6nnen dar\u00fcber hinaus die Erfassung der durch das Cookie erzeugten und auf Ihre Nutzung der Website bezogenen Daten (inkl. Ihrer IP-Adresse), sowie die Verarbeitung dieser Daten durch Google verhindern, indem sie das unter dem folgenden Link (http:\/\/tools.google.com\/dlpage\/gaoptout?hl=de) verf\u00fcgbare Browser-Plug-In herunterladen und installieren.<\/p>\n<p>Sie k\u00f6nnen die Erfassung durch Google Analytics verhindern, indem Sie auf folgenden Link klicken. Es wird ein Opt-Out-Cookie gesetzt, welches die zuk\u00fcnftige Erfassung Ihrer Daten beim Besuch dieser Website verhindert: Google Analytics deaktivieren<\/p>\n<p>N\u00e4here Informationen zu Nutzungsbedingungen und Datenschutz finden Sie unter http:\/\/www.google.com\/analytics\/terms\/de.html bzw. unter https:\/\/www.google.de\/intl\/de\/policies\/.<\/p>\n<p><strong>5. Kontaktaufnahme<\/strong><\/p>\n<p>Im Rahmen der Kontaktaufnahme mit uns (z.B. per E-Mail) werden personenbezogene Daten erhoben. Diese Daten werden ausschlie\u00dflich zum Zweck der Beantwortung Ihres Anliegens bzw. f\u00fcr die Kontaktaufnahme und die damit verbundene technische Administration gespeichert und verwendet. Rechtsgrundlage f\u00fcr die Verarbeitung der Daten ist unser berechtigtes Interesse an der Beantwortung Ihres Anliegens gem\u00e4\u00df Art. 6 Abs. 1 lit. f DSGVO. Zielt Ihre Kontaktierung auf den Abschluss eines Vertrages ab, so ist zus\u00e4tzliche Rechtsgrundlage f\u00fcr die Verarbeitung Art. 6 Abs. 1 lit. b DSGVO. Ihre Daten werden nach abschlie\u00dfender Bearbeitung Ihrer Anfrage gel\u00f6scht, dies ist der Fall, wenn sich aus den Umst\u00e4nden entnehmen l\u00e4sst, dass der betroffene Sachverhalt abschlie\u00dfend gekl\u00e4rt ist und sofern keine gesetzlichen Aufbewahrungspflichten entgegenstehen.<\/p>\n<p><strong>6. Datenverarbeitung bei Anmeldung zu Skifreizeiten<\/strong><\/p>\n<p>Personenbezogenen Daten werden zum Zwecke der Durchf\u00fchrung unserer Skifreizeiten (z. B. Anmeldungen zu unserer Silvesterfahrt) und im Zusammenhang mit einer Kontaktaufnahmen (pers\u00f6nlich, telefonisch und schriftlich auch elektronisch wie E-Mail, Internetseiten, sozialen Medien etc.) verarbeitet.<br \/>\nDie Verarbeitung der personenbezogenen Daten erfolgt in der Regel aufgrund der Erforderlichkeit zur Erf\u00fcllung eines Vertrages gem\u00e4\u00df Artikel 6 Abs. 1 lit. b) DS-GVO.<br \/>\nBei den Vertragsverh\u00e4ltnissen handelt es sich in erster Linie um die Teilnahme an unserer Silvesterfreizeit.<br \/>\nWerden personenbezogene Daten erhoben, ohne dass die Verarbeitung zur Erf\u00fcllung eines Vertrages erforderlich ist, erfolgt die Verarbeitung aufgrund einer Einwilligung nach Artikel 6 Abs. 1 lit. a) i.V.m. Artikel 7 DS-GVO.<br \/>\nDie evtl. Ver\u00f6ffentlichung personenbezogener Daten im Internet oder in lokalen, regionalen oder \u00fcberregionalen Printmedien erfolgt zur Wahrung berechtigter Interessen des ASF. Das berechtigte Interesse des ASF besteht in der Information der \u00d6ffentlichkeit durch Berichtserstattung \u00fcber die Aktivit\u00e4ten im Skisport. In diesem Rahmen werden personenbezogene Daten einschlie\u00dflich von Bildern der Teilnehmer zum Beispiel im Rahmen der Berichterstattung \u00fcber sportliche Ereignisse im Skisport ver\u00f6ffentlicht.<\/p>\n<p><strong>7. Empf\u00e4nger von personenbezogenen Daten<br \/>\n<\/strong><br \/>\nInnerhalb des ASF erhalten diejenigen Stellen Zugriff auf die personenbezogenen Daten, die diese zur Erf\u00fcllung der vertraglichen und gesetzlichen Pflichten brauchen (z.B. unsere Lehrgangsleiter und \u00dcbungsleiter). Auch zu diesen Zwecken eingesetzte Dienstleister und Erf\u00fcllungsgehilfen k\u00f6nnen Zugriff auf die Daten erhalten, sofern diese unsere datenschutzrechtlichen Weisungen wahren. Zu diesen z\u00e4hlen zum Beispiel die Unterk\u00fcnfte und Liftgesellschaften unserer Zielorte.<br \/>\nDar\u00fcber hinaus findet eine Weitergabe der Daten nur dann statt, wenn eine gesetzliche Verpflichtung oder ein \u00f6ffentliches Interesse dazu besteht.<br \/>\nEine Daten\u00fcbermittlung in ein Drittland au\u00dferhalb der EU bzw. EWR findet nicht statt.<br \/>\nIm Rahmen einer Gesch\u00e4ftsbeziehung (Anmeldung zu Skifreizeiten) m\u00fcssen diejenigen personenbezogenen Daten bereitgestellt werden, die zur Durchf\u00fchrung dieser Gesch\u00e4ftsbeziehung und zur Erf\u00fcllung der damit verbundenen vertraglichen Pflichten erforderlich sind oder zu deren Erhebung der ASF gesetzlich verpflichtet ist. Ohne die Angabe der entsprechenden Daten (z. B. im Anmeldeformular f\u00fcr eine Skifreizeit) oder bei einem Widerruf der Einwilligung zur Verarbeitung dieser Daten kann der ASF die beantragte Leistung nicht erbringen bzw. muss die angestrebte Gesch\u00e4ftsbeziehung ggf. verwehren.<\/p>\n<p><strong>8. Rechte des Betroffenen<\/strong><\/p>\n<p>Das geltende Datenschutzrecht gew\u00e4hrt Ihnen gegen\u00fcber dem Verantwortlichen hinsichtlich der Verarbeitung Ihrer personenbezogenen Daten umfassende Betroffenenrechte (Auskunfts- und Interventionsrechte), \u00fcber die wir Sie nachstehend informieren:<\/p>\n<p>&#8211; das Recht auf Auskunft \u00fcber die bei der verantwortlichen Stelle gespeicherten personenbezogenen Daten nach Artikel 15 DS-GVO,<br \/>\n&#8211; das Recht auf Berichtigung der personenbezogenen Daten nach Artikel 16 DS-GVO,<br \/>\n&#8211; das Recht auf L\u00f6schung der personenbezogenen Daten nach Artikel 17 DS-GVO,<br \/>\n&#8211; das Recht auf Einschr\u00e4nkung der Verarbeitung der personenbezogenen Daten nach Artikel 18 DS-GVO,<br \/>\n&#8211; das Recht auf \u00dcbertragung der personenbezogenen Daten (Daten\u00fcbertragbarkeit) nach Artikel 20 DS-GVO,<br \/>\n&#8211; das Recht der Verarbeitung der personenbezogenen Daten mit Wirkung f\u00fcr die Zukunft zu widersprechen (Widerspruchsrecht) nach Artikel 21 DS-GVO,<br \/>\n&#8211; das Recht, eine erteilte Einwilligung jederzeit widerrufen zu k\u00f6nnen, ohne dass die Rechtm\u00e4\u00dfigkeit der aufgrund der Einwilligung bis zum Widerruf erfolgten Verarbeitung hierdurch ber\u00fchrt wird.<br \/>\n&#8211; das Recht auf Beschwerde bei einer Aufsichtsbeh\u00f6rde nach Artikel 77 DS-GVO, die zust\u00e4ndige Beh\u00f6rde ist: Berliner Beauftragte f\u00fcr Datenschutz und Informationsfreiheit, Friedrichstra\u00dfe 219, 10969 Berlin<\/p>\n<p><strong>9. Soziale Netzwerke, Plugins und Tools<\/strong><\/p>\n<p>Auf unserer Webseite haben wir Verlinkungen zu den sozialen Netzwerken \u201eFacebook\u201c und \u201eInstagram\u201c sowie zu \u201eYoutube\u201c integriert.<br \/>\nFacebook: Betreiber des Dienstes ist die Facebook, Inc., 1 Hacker Way, Menlo Park, CA 94025, USA.<\/p>\n<p>Instagram: Betreiber des Dienstes ist die Instagram LLC,\u00a0 vertreten durch Kevin Systrom und Mike Krieger, 1601 Willow Rd, Menlo Park, CA 94025, USA<br \/>\nF\u00fcr die Verarbeitung personenbezogener Daten bei Nutzern in der Europ\u00e4ischen Union ist die Facebook Ireland Ltd., 4 Grand Canal Square, Grand Canal Harbour, Dublin 2, Ireland verantwortlich.<\/p>\n<p>Youtube: Betreiber der Seiten ist die YouTube, LLC, 901 Cherry Ave., San Bruno, CA 94066, USA.<\/p>\n<p>Die eingesetzten Komponenten erm\u00f6glichen es Nutzern von Facebook und Instagram, die unsere Webseite besuchen, unsere Facebook-Seite https:\/\/www.facebook.com\/alpinespochtsfreunde\/?ref=settings \u00a0bzw. unsere Instagram Seite https:\/\/www.instagram.com\/alpinespochtsfreunde\/ zu besuchen. Ebenso k\u00f6nnen Facebook und Instagram durch die implementierten Facebook- bzw. Instagram-Pixel weitere Informationen zu besuchten Seiten auf unserer Webseite erfassen, auch wenn Sie nicht Nutzer von Facebook oder Instagram sind.<br \/>\nFacebook und Instagram k\u00f6nnen dabei auch Cookies einsetzen. Hinsichtlich der eingesetzten Cookies und weiteren umfassendere Informationen zu den Datenschutzbestimmungen durch Facebook oder Instagram erhalten Sie hier weitere Informationen:<\/p>\n<p>https:\/\/www.facebook.com\/about\/privacy\/<br \/>\nhttps:\/\/help.instagram.com\/155833707900388\/?helpref=hc_fnav&#038;bc[0]=Instagram-Hilfe&#038;bc[1]=Datenschutz%20und%20Sicherheitsbereich<br \/>\nBei Facebook-Diensten ist eine \u00dcbermittlung der Daten in die USA m\u00f6glich. Facebook und Instagram sind f\u00fcr das EU-US- Datenschutzschild-Rahmenabkommen (\u201eEU-US Privacy Shield\u201c) und das Rahmenabkommen zum Datenschutzschild Schweiz-USA des US- Handelsministeriums zertifiziert. Weitere Informationen hierzu: https:\/\/www.facebook.com\/about\/privacyshield<\/p>\n<p>Unsere Website nutzt Plugins der von Google betriebenen Seite YouTube. Wenn Sie eine unserer mit einem YouTube-Plugin ausgestatteten Seiten besuchen, wird eine Verbindung zu den Servern von YouTube hergestellt. Dabei wird dem YouTube-Server mitgeteilt, welche unserer Seiten Sie besucht haben.<\/p>\n<p>Wenn Sie in Ihrem YouTube-Account eingeloggt sind, erm\u00f6glichen Sie YouTube, Ihr Surfverhalten direkt Ihrem pers\u00f6nlichen Profil zuzuordnen. Dies k\u00f6nnen Sie verhindern, indem Sie sich aus Ihrem YouTube-Account ausloggen.<\/p>\n<p>Die Nutzung von YouTube erfolgt im Interesse einer ansprechenden Darstellung unserer Online-Angebote. Dies stellt ein berechtigtes Interesse im Sinne von Art. 6 Abs. 1 lit. f DSGVO dar.<\/p>\n<p>Weitere Informationen zum Umgang mit Nutzerdaten finden Sie in der Datenschutzerkl\u00e4rung von YouTube unter: https:\/\/www.google.de\/intl\/de\/policies\/privacy.<\/p>\n<p><strong>10. Dauer der Speicherung personenbezogener Daten<\/strong><\/p>\n<p>Die personenbezogenen Daten werden f\u00fcr die Dauer der Zweckbindung gespeichert. Mit Beendigung der Zweckbindung werden die Datenkategorien gem\u00e4\u00df den gesetzlichen Aufbewahrungsfristen vorgehalten und dann gel\u00f6scht. In der Zeit zwischen Beendigung der Zweckbindung und der L\u00f6schung wird die Verarbeitung dieser Daten eingeschr\u00e4nkt.<br \/>\nBestimmte Datenkategorien werden zum Zweck der Vereinschronik im Vereinsarchiv gespeichert. Hierbei handelt es sich in der Regel um die Kategorien Vorname, Nachname, Geburtsdatum, Emailadresse. Es k\u00f6nnen auch Bilderzeugnisse hinterlegt sein. Der Speicherung liegt ein berechtigtes Interesse des ASF an der zeitgeschichtlichen Dokumentation von sportlichen Ereignissen und Erfolgen sowie der Vereinshistorie zugrunde. Alle anderen personenbezogenen Daten werden gel\u00f6scht, wenn die Zweckbindung entfallen ist, sofern nicht andere gesetzliche Aufbewahrungsfristen dagegen stehen.<\/p>\n","protected":false},"excerpt":{"rendered":"<p>Datenschutzhinweise Wir, die Alpinen Spochtsfreunde Braunschweig (ASF), freuen uns, dass Sie unsere Website besuchen und bedanken uns f\u00fcr Ihr Interesse. Im Folgenden informieren wir Sie \u00fcber den Umgang mit Ihren personenbezogenen Daten bei Nutzung unserer Website. Personenbezogene Daten sind hierbei alle Daten, mit denen Sie pers\u00f6nlich identifiziert werden k\u00f6nnen. Wir nehmen den Schutz Ihrer pers\u00f6nlichen [&hellip;]<\/p>\n","protected":false},"author":2,"featured_media":0,"parent":0,"menu_order":0,"comment_status":"closed","ping_status":"open","template":"","meta":{"footnotes":""},"yoast_head":"<!-- This site is optimized with the Yoast SEO plugin v19.13-RC1 - https:\/\/yoast.com\/wordpress\/plugins\/seo\/ -->\n<title>Datenschutzerkl\u00e4rung -<\/title>\n<meta name=\"robots\" content=\"index, follow, max-snippet:-1, max-image-preview:large, max-video-preview:-1\" \/>\n<link rel=\"canonical\" href=\"https:\/\/asf-braunschweig.de\/?page_id=1085\" \/>\n<meta property=\"og:locale\" content=\"de_DE\" \/>\n<meta property=\"og:type\" content=\"article\" \/>\n<meta property=\"og:title\" content=\"Datenschutzerkl\u00e4rung -\" \/>\n<meta property=\"og:description\" content=\"Datenschutzhinweise Wir, die Alpinen Spochtsfreunde Braunschweig (ASF), freuen uns, dass Sie unsere Website besuchen und bedanken uns f\u00fcr Ihr Interesse. Im Folgenden informieren wir Sie \u00fcber den Umgang mit Ihren personenbezogenen Daten bei Nutzung unserer Website. Personenbezogene Daten sind hierbei alle Daten, mit denen Sie pers\u00f6nlich identifiziert werden k\u00f6nnen. Wir nehmen den Schutz Ihrer pers\u00f6nlichen [&hellip;]\" \/>\n<meta property=\"og:url\" content=\"https:\/\/asf-braunschweig.de\/?page_id=1085\" \/>\n<meta property=\"article:modified_time\" content=\"2018-06-07T11:57:56+00:00\" \/>\n<meta name=\"twitter:card\" content=\"summary_large_image\" \/>\n<meta name=\"twitter:label1\" content=\"Gesch\u00e4tzte Lesezeit\" \/>\n\t<meta name=\"twitter:data1\" content=\"12\u00a0Minuten\" \/>\n<script type=\"application\/ld+json\" class=\"yoast-schema-graph\">{\"@context\":\"https:\/\/schema.org\",\"@graph\":[{\"@type\":\"WebPage\",\"@id\":\"https:\/\/asf-braunschweig.de\/?page_id=1085\",\"url\":\"https:\/\/asf-braunschweig.de\/?page_id=1085\",\"name\":\"Datenschutzerkl\u00e4rung -\",\"isPartOf\":{\"@id\":\"https:\/\/asf-braunschweig.de\/#website\"},\"datePublished\":\"2018-06-06T11:26:00+00:00\",\"dateModified\":\"2018-06-07T11:57:56+00:00\",\"breadcrumb\":{\"@id\":\"https:\/\/asf-braunschweig.de\/?page_id=1085#breadcrumb\"},\"inLanguage\":\"de\",\"potentialAction\":[{\"@type\":\"ReadAction\",\"target\":[\"https:\/\/asf-braunschweig.de\/?page_id=1085\"]}]},{\"@type\":\"BreadcrumbList\",\"@id\":\"https:\/\/asf-braunschweig.de\/?page_id=1085#breadcrumb\",\"itemListElement\":[{\"@type\":\"ListItem\",\"position\":1,\"name\":\"Startseite\",\"item\":\"https:\/\/asf-braunschweig.de\/\"},{\"@type\":\"ListItem\",\"position\":2,\"name\":\"Datenschutzerkl\u00e4rung\"}]},{\"@type\":\"WebSite\",\"@id\":\"https:\/\/asf-braunschweig.de\/#website\",\"url\":\"https:\/\/asf-braunschweig.de\/\",\"name\":\"\",\"description\":\"\",\"potentialAction\":[{\"@type\":\"SearchAction\",\"target\":{\"@type\":\"EntryPoint\",\"urlTemplate\":\"https:\/\/asf-braunschweig.de\/?s={search_term_string}\"},\"query-input\":\"required name=search_term_string\"}],\"inLanguage\":\"de\"}]}<\/script>\n<!-- \/ Yoast SEO plugin. -->","yoast_head_json":{"title":"Datenschutzerkl\u00e4rung -","robots":{"index":"index","follow":"follow","max-snippet":"max-snippet:-1","max-image-preview":"max-image-preview:large","max-video-preview":"max-video-preview:-1"},"canonical":"https:\/\/asf-braunschweig.de\/?page_id=1085","og_locale":"de_DE","og_type":"article","og_title":"Datenschutzerkl\u00e4rung -","og_description":"Datenschutzhinweise Wir, die Alpinen Spochtsfreunde Braunschweig (ASF), freuen uns, dass Sie unsere Website besuchen und bedanken uns f\u00fcr Ihr Interesse. Im Folgenden informieren wir Sie \u00fcber den Umgang mit Ihren personenbezogenen Daten bei Nutzung unserer Website. Personenbezogene Daten sind hierbei alle Daten, mit denen Sie pers\u00f6nlich identifiziert werden k\u00f6nnen. Wir nehmen den Schutz Ihrer pers\u00f6nlichen [&hellip;]","og_url":"https:\/\/asf-braunschweig.de\/?page_id=1085","article_modified_time":"2018-06-07T11:57:56+00:00","twitter_card":"summary_large_image","twitter_misc":{"Gesch\u00e4tzte Lesezeit":"12\u00a0Minuten"},"schema":{"@context":"https:\/\/schema.org","@graph":[{"@type":"WebPage","@id":"https:\/\/asf-braunschweig.de\/?page_id=1085","url":"https:\/\/asf-braunschweig.de\/?page_id=1085","name":"Datenschutzerkl\u00e4rung -","isPartOf":{"@id":"https:\/\/asf-braunschweig.de\/#website"},"datePublished":"2018-06-06T11:26:00+00:00","dateModified":"2018-06-07T11:57:56+00:00","breadcrumb":{"@id":"https:\/\/asf-braunschweig.de\/?page_id=1085#breadcrumb"},"inLanguage":"de","potentialAction":[{"@type":"ReadAction","target":["https:\/\/asf-braunschweig.de\/?page_id=1085"]}]},{"@type":"BreadcrumbList","@id":"https:\/\/asf-braunschweig.de\/?page_id=1085#breadcrumb","itemListElement":[{"@type":"ListItem","position":1,"name":"Startseite","item":"https:\/\/asf-braunschweig.de\/"},{"@type":"ListItem","position":2,"name":"Datenschutzerkl\u00e4rung"}]},{"@type":"WebSite","@id":"https:\/\/asf-braunschweig.de\/#website","url":"https:\/\/asf-braunschweig.de\/","name":"","description":"","potentialAction":[{"@type":"SearchAction","target":{"@type":"EntryPoint","urlTemplate":"https:\/\/asf-braunschweig.de\/?s={search_term_string}"},"query-input":"required name=search_term_string"}],"inLanguage":"de"}]}},"_links":{"self":[{"href":"https:\/\/asf-braunschweig.de\/index.php?rest_route=\/wp\/v2\/pages\/1085"}],"collection":[{"href":"https:\/\/asf-braunschweig.de\/index.php?rest_route=\/wp\/v2\/pages"}],"about":[{"href":"https:\/\/asf-braunschweig.de\/index.php?rest_route=\/wp\/v2\/types\/page"}],"author":[{"embeddable":true,"href":"https:\/\/asf-braunschweig.de\/index.php?rest_route=\/wp\/v2\/users\/2"}],"replies":[{"embeddable":true,"href":"https:\/\/asf-braunschweig.de\/index.php?rest_route=%2Fwp%2Fv2%2Fcomments&post=1085"}],"version-history":[{"count":4,"href":"https:\/\/asf-braunschweig.de\/index.php?rest_route=\/wp\/v2\/pages\/1085\/revisions"}],"predecessor-version":[{"id":1093,"href":"https:\/\/asf-braunschweig.de\/index.php?rest_route=\/wp\/v2\/pages\/1085\/revisions\/1093"}],"wp:attachment":[{"href":"https:\/\/asf-braunschweig.de\/index.php?rest_route=%2Fwp%2Fv2%2Fmedia&parent=1085"}],"curies":[{"name":"wp","href":"https:\/\/api.w.org\/{rel}","templated":true}]}}