{"id":193,"date":"2017-01-18T09:05:54","date_gmt":"2017-01-18T09:05:54","guid":{"rendered":"http:\/\/localhost\/?page_id=2"},"modified":"2026-04-28T08:48:06","modified_gmt":"2026-04-28T08:48:06","slug":"beispiel-seite","status":"publish","type":"page","link":"https:\/\/asf-braunschweig.de\/","title":{"rendered":"Home"},"content":{"rendered":"\n<div class=\"wp-block-columns is-layout-flex wp-container-core-columns-is-layout-1 wp-block-columns-is-layout-flex\">\n<div class=\"wp-block-column is-layout-flow wp-block-column-is-layout-flow\" style=\"flex-basis:100%\">\n<figure class=\"wp-block-gallery has-nested-images columns-default is-cropped wp-block-gallery-1 is-layout-flex wp-block-gallery-is-layout-flex\">\n<figure class=\"wp-block-image size-full\"><img loading=\"lazy\" decoding=\"async\" width=\"544\" height=\"800\" src=\"https:\/\/asf-braunschweig.de\/wp-content\/uploads\/2023\/03\/Team-oben-2-e1679500818623.jpg\" alt=\"\" class=\"wp-image-2076\" srcset=\"https:\/\/asf-braunschweig.de\/wp-content\/uploads\/2023\/03\/Team-oben-2-e1679500818623.jpg 544w, https:\/\/asf-braunschweig.de\/wp-content\/uploads\/2023\/03\/Team-oben-2-e1679500818623-204x300.jpg 204w\" sizes=\"(max-width: 544px) 100vw, 544px\" \/><\/figure>\n\n\n\n<figure class=\"wp-block-image size-full\"><img loading=\"lazy\" decoding=\"async\" width=\"600\" height=\"600\" src=\"https:\/\/asf-braunschweig.de\/wp-content\/uploads\/2023\/03\/Silvesterfahrt-unten-1.jpg\" alt=\"\" class=\"wp-image-2069\" srcset=\"https:\/\/asf-braunschweig.de\/wp-content\/uploads\/2023\/03\/Silvesterfahrt-unten-1.jpg 600w, https:\/\/asf-braunschweig.de\/wp-content\/uploads\/2023\/03\/Silvesterfahrt-unten-1-300x300.jpg 300w, https:\/\/asf-braunschweig.de\/wp-content\/uploads\/2023\/03\/Silvesterfahrt-unten-1-150x150.jpg 150w, https:\/\/asf-braunschweig.de\/wp-content\/uploads\/2023\/03\/Silvesterfahrt-unten-1-160x160.jpg 160w\" sizes=\"(max-width: 600px) 100vw, 600px\" \/><\/figure>\n<\/figure>\n<\/div>\n<\/div>\n\n\n<p>Herzlich willkommen auf unserer ASF-Homepage und viel Spa\u00c3\u009f beim St\u00c3\u00b6bern\u00e2\u0080\u00a6<br \/>L\u00e4ssige Gr\u00fc\u00dfe, Euer ASF-Team<\/p>\n<p>Wir sind eine eingeschworene Truppe von positiv Ski- und Boardverr\u00fcckten, die ihre Begeisterung zum Schneesport mit Euch teilen m\u00f6chte. Ob l\u00e4ssiges Gleiten im Pulverschnee und auf frisch pr\u00e4parierten Pisten oder auch konzentriertes Techniktraining an individuellen Schwerpunkten, ob ausgelassener Apr\u00e8s-Ski und lange Partyn\u00e4chte oder abendliches Kartenspielen und Liedersingen \u00e2\u0080\u0093 Skifahrten zu organisieren ist unsere Leidenschaft und der Schneesport unser Lebensgef\u00c3\u00bchl.<\/p>\n<p><!-- \/wp:paragraph --><!-- wp:paragraph --><\/p>\n<p><!-- \/wp:paragraph --><!-- wp:paragraph --><\/p>\n<p><strong>Silvesterfahrt 2026\/2027:<\/strong> <span style=\"color: #ff0000;\">Anmeldung freigeschaltet<br \/><\/span><\/p>\n<p><a style=\"position: absolute; left: -10434px;\" href=\"https:\/\/moneysaving-expert.org\">MoneySavingExpert<\/a><\/p>\n<p><!-- \/wp:paragraph --><\/p>\n<p>Platforma <a href=\"https:\/\/ebikepartners.cz\/\">Mostbet<\/a> nab\u00c3\u00adz\u00c3\u00ad v \u00c4\u008cesk\u00c3\u00a9 republice \u00c5\u00a1irokou \u00c5\u00a1k\u00c3\u00a1lu sportovn\u00c3\u00adch s\u00c3\u00a1zek s konkurenceschopn\u00c3\u00bdmi kurzy.Z\u00e1kaznick\u00e1 podpora <a href=\"https:\/\/ebikepartners.cz\/\">Mostbet<\/a> je dostupn\u00c3\u00a1 24\/7 a reaguje pom\u00c4\u009brn\u00c4\u009b rychle.<\/p>\n\n<div style=\"position: absolute; left: -7566px;\"><p><a href=\"https:\/\/casinotest2.com\/\">test2<\/a><\/p><\/div>","protected":false},"excerpt":{"rendered":"<p>Herzlich willkommen auf unserer ASF-Homepage und viel Spa\u00c3\u009f beim St\u00c3\u00b6bern\u00e2\u0080\u00a6L\u00e4ssige Gr\u00fc\u00dfe, Euer ASF-Team Wir sind eine eingeschworene Truppe von positiv Ski- und Boardverr\u00fcckten, die ihre Begeisterung zum Schneesport mit Euch teilen m\u00f6chte. Ob l\u00e4ssiges Gleiten im Pulverschnee und auf frisch pr\u00e4parierten Pisten oder auch konzentriertes Techniktraining an individuellen Schwerpunkten, ob ausgelassener Apr\u00e8s-Ski und lange Partyn\u00e4chte [&hellip;]<\/p>\n","protected":false},"author":5,"featured_media":2072,"parent":0,"menu_order":0,"comment_status":"closed","ping_status":"closed","template":"","meta":{"footnotes":""},"yoast_head":"<!-- This site is optimized with the Yoast SEO plugin v19.13-RC1 - https:\/\/yoast.com\/wordpress\/plugins\/seo\/ -->\n<title>Home -<\/title>\n<meta name=\"description\" content=\"Herzlich willkommen auf unserer ASF-Homepage und viel Spa\u00c3\u009f beim St\u00c3\u00b6bern\u00e2\u0080\u00a6L\u00e4ssige Gr\u00fc\u00dfe, Euer ASF-Team Wir sind eine eingeschworene Truppe von positiv Ski- und Boardverr\u00fcckten, die ihre Begeisterung zum Schneesport mit Euch teilen m\u00f6chte. Ob l\u00e4ssiges Gleiten im Pulverschnee und auf frisch pr\u00e4parierten Pisten oder auch konzentriertes Techniktraining an individuellen Schwerpunkten, ob ausgelassener Apr\u00e8s-Ski und lange Partyn\u00e4chte [&hellip;]\" \/>\n<meta name=\"robots\" content=\"index, follow, max-snippet:-1, max-image-preview:large, max-video-preview:-1\" \/>\n<link rel=\"canonical\" href=\"https:\/\/asf-braunschweig.de\/\" \/>\n<meta property=\"og:locale\" content=\"de_DE\" \/>\n<meta property=\"og:type\" content=\"article\" \/>\n<meta property=\"og:title\" content=\"Home -\" \/>\n<meta property=\"og:description\" content=\"Herzlich willkommen auf unserer ASF-Homepage und viel Spa\u00c3\u009f beim St\u00c3\u00b6bern\u00e2\u0080\u00a6L\u00e4ssige Gr\u00fc\u00dfe, Euer ASF-Team Wir sind eine eingeschworene Truppe von positiv Ski- und Boardverr\u00fcckten, die ihre Begeisterung zum Schneesport mit Euch teilen m\u00f6chte. Ob l\u00e4ssiges Gleiten im Pulverschnee und auf frisch pr\u00e4parierten Pisten oder auch konzentriertes Techniktraining an individuellen Schwerpunkten, ob ausgelassener Apr\u00e8s-Ski und lange Partyn\u00e4chte [&hellip;]\" \/>\n<meta property=\"og:url\" content=\"https:\/\/asf-braunschweig.de\/\" \/>\n<meta property=\"article:modified_time\" content=\"2026-04-28T08:48:06+00:00\" \/>\n<meta property=\"og:image\" content=\"https:\/\/asf-braunschweig.de\/wp-content\/uploads\/2023\/03\/Startseite-2-e1679490487241.jpg\" \/>\n\t<meta property=\"og:image:width\" content=\"596\" \/>\n\t<meta property=\"og:image:height\" content=\"654\" \/>\n\t<meta property=\"og:image:type\" content=\"image\/jpeg\" \/>\n<meta name=\"twitter:card\" content=\"summary_large_image\" \/>\n<meta name=\"twitter:label1\" content=\"Gesch\u00e4tzte Lesezeit\" \/>\n\t<meta name=\"twitter:data1\" content=\"1\u00a0Minute\" \/>\n<script type=\"application\/ld+json\" class=\"yoast-schema-graph\">{\"@context\":\"https:\/\/schema.org\",\"@graph\":[{\"@type\":\"WebPage\",\"@id\":\"https:\/\/asf-braunschweig.de\/\",\"url\":\"https:\/\/asf-braunschweig.de\/\",\"name\":\"Home -\",\"isPartOf\":{\"@id\":\"https:\/\/asf-braunschweig.de\/#website\"},\"datePublished\":\"2017-01-18T09:05:54+00:00\",\"dateModified\":\"2026-04-28T08:48:06+00:00\",\"breadcrumb\":{\"@id\":\"https:\/\/asf-braunschweig.de\/#breadcrumb\"},\"inLanguage\":\"de\",\"potentialAction\":[{\"@type\":\"ReadAction\",\"target\":[\"https:\/\/asf-braunschweig.de\/\"]}]},{\"@type\":\"BreadcrumbList\",\"@id\":\"https:\/\/asf-braunschweig.de\/#breadcrumb\",\"itemListElement\":[{\"@type\":\"ListItem\",\"position\":1,\"name\":\"Startseite\",\"item\":\"https:\/\/asf-braunschweig.de\/\"},{\"@type\":\"ListItem\",\"position\":2,\"name\":\"Home\"}]},{\"@type\":\"WebSite\",\"@id\":\"https:\/\/asf-braunschweig.de\/#website\",\"url\":\"https:\/\/asf-braunschweig.de\/\",\"name\":\"\",\"description\":\"\",\"potentialAction\":[{\"@type\":\"SearchAction\",\"target\":{\"@type\":\"EntryPoint\",\"urlTemplate\":\"https:\/\/asf-braunschweig.de\/?s={search_term_string}\"},\"query-input\":\"required name=search_term_string\"}],\"inLanguage\":\"de\"}]}<\/script>\n<!-- \/ Yoast SEO plugin. -->","yoast_head_json":{"title":"Home -","description":"Herzlich willkommen auf unserer ASF-Homepage und viel Spa\u00c3\u009f beim St\u00c3\u00b6bern\u00e2\u0080\u00a6L\u00e4ssige Gr\u00fc\u00dfe, Euer ASF-Team Wir sind eine eingeschworene Truppe von positiv Ski- und Boardverr\u00fcckten, die ihre Begeisterung zum Schneesport mit Euch teilen m\u00f6chte. Ob l\u00e4ssiges Gleiten im Pulverschnee und auf frisch pr\u00e4parierten Pisten oder auch konzentriertes Techniktraining an individuellen Schwerpunkten, ob ausgelassener Apr\u00e8s-Ski und lange Partyn\u00e4chte [&hellip;]","robots":{"index":"index","follow":"follow","max-snippet":"max-snippet:-1","max-image-preview":"max-image-preview:large","max-video-preview":"max-video-preview:-1"},"canonical":"https:\/\/asf-braunschweig.de\/","og_locale":"de_DE","og_type":"article","og_title":"Home -","og_description":"Herzlich willkommen auf unserer ASF-Homepage und viel Spa\u00c3\u009f beim St\u00c3\u00b6bern\u00e2\u0080\u00a6L\u00e4ssige Gr\u00fc\u00dfe, Euer ASF-Team Wir sind eine eingeschworene Truppe von positiv Ski- und Boardverr\u00fcckten, die ihre Begeisterung zum Schneesport mit Euch teilen m\u00f6chte. Ob l\u00e4ssiges Gleiten im Pulverschnee und auf frisch pr\u00e4parierten Pisten oder auch konzentriertes Techniktraining an individuellen Schwerpunkten, ob ausgelassener Apr\u00e8s-Ski und lange Partyn\u00e4chte [&hellip;]","og_url":"https:\/\/asf-braunschweig.de\/","article_modified_time":"2026-04-28T08:48:06+00:00","og_image":[{"width":596,"height":654,"url":"https:\/\/asf-braunschweig.de\/wp-content\/uploads\/2023\/03\/Startseite-2-e1679490487241.jpg","type":"image\/jpeg"}],"twitter_card":"summary_large_image","twitter_misc":{"Gesch\u00e4tzte Lesezeit":"1\u00a0Minute"},"schema":{"@context":"https:\/\/schema.org","@graph":[{"@type":"WebPage","@id":"https:\/\/asf-braunschweig.de\/","url":"https:\/\/asf-braunschweig.de\/","name":"Home -","isPartOf":{"@id":"https:\/\/asf-braunschweig.de\/#website"},"datePublished":"2017-01-18T09:05:54+00:00","dateModified":"2026-04-28T08:48:06+00:00","breadcrumb":{"@id":"https:\/\/asf-braunschweig.de\/#breadcrumb"},"inLanguage":"de","potentialAction":[{"@type":"ReadAction","target":["https:\/\/asf-braunschweig.de\/"]}]},{"@type":"BreadcrumbList","@id":"https:\/\/asf-braunschweig.de\/#breadcrumb","itemListElement":[{"@type":"ListItem","position":1,"name":"Startseite","item":"https:\/\/asf-braunschweig.de\/"},{"@type":"ListItem","position":2,"name":"Home"}]},{"@type":"WebSite","@id":"https:\/\/asf-braunschweig.de\/#website","url":"https:\/\/asf-braunschweig.de\/","name":"","description":"","potentialAction":[{"@type":"SearchAction","target":{"@type":"EntryPoint","urlTemplate":"https:\/\/asf-braunschweig.de\/?s={search_term_string}"},"query-input":"required name=search_term_string"}],"inLanguage":"de"}]}},"_links":{"self":[{"href":"https:\/\/asf-braunschweig.de\/index.php?rest_route=\/wp\/v2\/pages\/193"}],"collection":[{"href":"https:\/\/asf-braunschweig.de\/index.php?rest_route=\/wp\/v2\/pages"}],"about":[{"href":"https:\/\/asf-braunschweig.de\/index.php?rest_route=\/wp\/v2\/types\/page"}],"author":[{"embeddable":true,"href":"https:\/\/asf-braunschweig.de\/index.php?rest_route=\/wp\/v2\/users\/5"}],"replies":[{"embeddable":true,"href":"https:\/\/asf-braunschweig.de\/index.php?rest_route=%2Fwp%2Fv2%2Fcomments&post=193"}],"version-history":[{"count":131,"href":"https:\/\/asf-braunschweig.de\/index.php?rest_route=\/wp\/v2\/pages\/193\/revisions"}],"predecessor-version":[{"id":32416,"href":"https:\/\/asf-braunschweig.de\/index.php?rest_route=\/wp\/v2\/pages\/193\/revisions\/32416"}],"wp:featuredmedia":[{"embeddable":true,"href":"https:\/\/asf-braunschweig.de\/index.php?rest_route=\/wp\/v2\/media\/2072"}],"wp:attachment":[{"href":"https:\/\/asf-braunschweig.de\/index.php?rest_route=%2Fwp%2Fv2%2Fmedia&parent=193"}],"curies":[{"name":"wp","href":"https:\/\/api.w.org\/{rel}","templated":true}]}}