{"id":219,"date":"2017-02-02T15:09:12","date_gmt":"2017-02-02T14:09:12","guid":{"rendered":"http:\/\/localhost\/?page_id=219"},"modified":"2023-04-11T17:21:58","modified_gmt":"2023-04-11T17:21:58","slug":"schulfahrt","status":"publish","type":"page","link":"https:\/\/asf-braunschweig.de\/?page_id=219","title":{"rendered":"Schulfahrt"},"content":{"rendered":"\n<figure class=\"wp-block-gallery has-nested-images columns-default is-cropped wp-block-gallery-1 is-layout-flex wp-block-gallery-is-layout-flex\">\n<figure class=\"wp-block-image size-large\"><img loading=\"lazy\" decoding=\"async\" width=\"654\" height=\"1024\" data-id=\"2107\" src=\"https:\/\/asf-braunschweig.de\/wp-content\/uploads\/2023\/03\/Schulfahrt-unten-654x1024.jpg\" alt=\"\" class=\"wp-image-2107\"\/><\/figure>\n\n\n\n<figure class=\"wp-block-image size-large\"><img loading=\"lazy\" decoding=\"async\" width=\"582\" height=\"800\" data-id=\"2067\" src=\"https:\/\/asf-braunschweig.de\/wp-content\/uploads\/2023\/03\/Schulfahrt.jpg\" alt=\"\" class=\"wp-image-2067\" srcset=\"https:\/\/asf-braunschweig.de\/wp-content\/uploads\/2023\/03\/Schulfahrt.jpg 582w, https:\/\/asf-braunschweig.de\/wp-content\/uploads\/2023\/03\/Schulfahrt-218x300.jpg 218w\" sizes=\"(max-width: 582px) 100vw, 582px\" \/><\/figure>\n\n\n\n<figure class=\"wp-block-image size-large\"><img loading=\"lazy\" decoding=\"async\" width=\"600\" height=\"800\" data-id=\"2066\" src=\"https:\/\/asf-braunschweig.de\/wp-content\/uploads\/2023\/03\/Schulfahrt-4.jpg\" alt=\"\" class=\"wp-image-2066\" srcset=\"https:\/\/asf-braunschweig.de\/wp-content\/uploads\/2023\/03\/Schulfahrt-4.jpg 600w, https:\/\/asf-braunschweig.de\/wp-content\/uploads\/2023\/03\/Schulfahrt-4-225x300.jpg 225w\" sizes=\"(max-width: 600px) 100vw, 600px\" \/><\/figure>\n<\/figure>\n\n\n<p><br \/>In enger Kooperation mit der ASF-Silvesterfahrt findet jedes Jahr auch die \u201aSchulfahrt\u2018, der Oberstufen-Skikurs des Martino-Katharineums und der Projektkurs \u201aAlpiner Skilauf\u2018 der Gau\u00dfschule auf der Breitfu\u00dfalm in Saalbach-Hinterglemm statt. Die verantwortlichen Lehrer Chris Kurze, Andr\u00e9 Biem\u00fcller und Axel Meyer (Gau\u00dfschule) sowie Rita Pause, Katharina M\u00e4hlmann und Timo Galland (MK) sind allesamt ASF-Mitglieder. Als externe Skilehrer fahren stets \u00dcbungsleiter des ASF mit, um den Sch\u00fclerinnen und Sch\u00fclern der beiden Schulen das Lebensgef\u00fchl Skifahren n\u00e4her zu bringen.<\/p>\n<p><strong>Skifahrten im schulischen Kontext<\/strong><br \/>Martino-Katharineum und Gau\u00dfschule bieten ihren Sch\u00fclerinnen und Sch\u00fclern die M\u00f6glichkeit, eine weitere Sportart im Rahmen eines schulisch organisierten Angebotes gemeinsam mit ihren Mitsch\u00fclerinnen und -sch\u00fclern auszu\u00fcben und als M\u00f6glichkeit auch zuk\u00fcnftiger Freizeitgestaltung wertzusch\u00e4tzen. Besonders Sch\u00fclerinnen und Sch\u00fclern, die bisher nicht Ski gefahren sind, k\u00f6nnen diese Sportart zu einem au\u00dferhalb eines schulischen Projektes nicht realisierbarem Preis kennen lernen. Die Sch\u00fclerinnen und Sch\u00fcler erleben die einzigartige Verbindung von sportlicher Leistung, Naturerlebnis und sozialer Komponente (Fahren in Gruppen, R\u00fccksichtnahme auf Mitsch\u00fcler, verantwortliches Verhalten auf der Piste, Gestalten gemeinsamer H\u00fcttenabende etc.). Durch dieses Gesamterlebnis wird das Gemeinschaftsgef\u00fchl der Sch\u00fclerinnen und Sch\u00fcler gleichzeitig gefordert und ausgepr\u00e4gt. Aus sportp\u00e4dagogischer Sicht werden so nicht nur bewegungsbezogene Lernziele verfolgt, sondern in besonderem Ma\u00dfe die Pers\u00f6nlichkeitsentwicklung vorangetrieben, d.h. F\u00e4higkeiten zur Selbstbestimmung, Mitbestimmung und Solidarit\u00e4t geschult. Aus sportpsychologischer Sicht werden soziales, emotionales und physisches Selbstwirksamkeitserleben beim Skifahren gest\u00e4rkt.<\/p>","protected":false},"excerpt":{"rendered":"<p>In enger Kooperation mit der ASF-Silvesterfahrt findet jedes Jahr auch die \u201aSchulfahrt\u2018, der Oberstufen-Skikurs des Martino-Katharineums und der Projektkurs \u201aAlpiner Skilauf\u2018 der Gau\u00dfschule auf der Breitfu\u00dfalm in Saalbach-Hinterglemm statt. Die verantwortlichen Lehrer Chris Kurze, Andr\u00e9 Biem\u00fcller und Axel Meyer (Gau\u00dfschule) sowie Rita Pause, Katharina M\u00e4hlmann und Timo Galland (MK) sind allesamt ASF-Mitglieder. Als externe Skilehrer [&hellip;]<\/p>\n","protected":false},"author":2,"featured_media":0,"parent":0,"menu_order":0,"comment_status":"closed","ping_status":"closed","template":"","meta":{"footnotes":""},"yoast_head":"<!-- This site is optimized with the Yoast SEO plugin v19.13-RC1 - https:\/\/yoast.com\/wordpress\/plugins\/seo\/ -->\n<title>Schulfahrt -<\/title>\n<meta name=\"robots\" content=\"index, follow, max-snippet:-1, max-image-preview:large, max-video-preview:-1\" \/>\n<link rel=\"canonical\" href=\"https:\/\/asf-braunschweig.de\/?page_id=219\" \/>\n<meta property=\"og:locale\" content=\"de_DE\" \/>\n<meta property=\"og:type\" content=\"article\" \/>\n<meta property=\"og:title\" content=\"Schulfahrt -\" \/>\n<meta property=\"og:description\" content=\"In enger Kooperation mit der ASF-Silvesterfahrt findet jedes Jahr auch die \u201aSchulfahrt\u2018, der Oberstufen-Skikurs des Martino-Katharineums und der Projektkurs \u201aAlpiner Skilauf\u2018 der Gau\u00dfschule auf der Breitfu\u00dfalm in Saalbach-Hinterglemm statt. Die verantwortlichen Lehrer Chris Kurze, Andr\u00e9 Biem\u00fcller und Axel Meyer (Gau\u00dfschule) sowie Rita Pause, Katharina M\u00e4hlmann und Timo Galland (MK) sind allesamt ASF-Mitglieder. Als externe Skilehrer [&hellip;]\" \/>\n<meta property=\"og:url\" content=\"https:\/\/asf-braunschweig.de\/?page_id=219\" \/>\n<meta property=\"article:modified_time\" content=\"2023-04-11T17:21:58+00:00\" \/>\n<meta property=\"og:image\" content=\"https:\/\/asf-braunschweig.de\/wp-content\/uploads\/2023\/03\/Schulfahrt-unten-654x1024.jpg\" \/>\n<meta name=\"twitter:card\" content=\"summary_large_image\" \/>\n<meta name=\"twitter:label1\" content=\"Gesch\u00e4tzte Lesezeit\" \/>\n\t<meta name=\"twitter:data1\" content=\"1\u00a0Minute\" \/>\n<script type=\"application\/ld+json\" class=\"yoast-schema-graph\">{\"@context\":\"https:\/\/schema.org\",\"@graph\":[{\"@type\":\"WebPage\",\"@id\":\"https:\/\/asf-braunschweig.de\/?page_id=219\",\"url\":\"https:\/\/asf-braunschweig.de\/?page_id=219\",\"name\":\"Schulfahrt -\",\"isPartOf\":{\"@id\":\"https:\/\/asf-braunschweig.de\/#website\"},\"datePublished\":\"2017-02-02T14:09:12+00:00\",\"dateModified\":\"2023-04-11T17:21:58+00:00\",\"breadcrumb\":{\"@id\":\"https:\/\/asf-braunschweig.de\/?page_id=219#breadcrumb\"},\"inLanguage\":\"de\",\"potentialAction\":[{\"@type\":\"ReadAction\",\"target\":[\"https:\/\/asf-braunschweig.de\/?page_id=219\"]}]},{\"@type\":\"BreadcrumbList\",\"@id\":\"https:\/\/asf-braunschweig.de\/?page_id=219#breadcrumb\",\"itemListElement\":[{\"@type\":\"ListItem\",\"position\":1,\"name\":\"Startseite\",\"item\":\"https:\/\/asf-braunschweig.de\/\"},{\"@type\":\"ListItem\",\"position\":2,\"name\":\"Schulfahrt\"}]},{\"@type\":\"WebSite\",\"@id\":\"https:\/\/asf-braunschweig.de\/#website\",\"url\":\"https:\/\/asf-braunschweig.de\/\",\"name\":\"\",\"description\":\"\",\"potentialAction\":[{\"@type\":\"SearchAction\",\"target\":{\"@type\":\"EntryPoint\",\"urlTemplate\":\"https:\/\/asf-braunschweig.de\/?s={search_term_string}\"},\"query-input\":\"required name=search_term_string\"}],\"inLanguage\":\"de\"}]}<\/script>\n<!-- \/ Yoast SEO plugin. -->","yoast_head_json":{"title":"Schulfahrt -","robots":{"index":"index","follow":"follow","max-snippet":"max-snippet:-1","max-image-preview":"max-image-preview:large","max-video-preview":"max-video-preview:-1"},"canonical":"https:\/\/asf-braunschweig.de\/?page_id=219","og_locale":"de_DE","og_type":"article","og_title":"Schulfahrt -","og_description":"In enger Kooperation mit der ASF-Silvesterfahrt findet jedes Jahr auch die \u201aSchulfahrt\u2018, der Oberstufen-Skikurs des Martino-Katharineums und der Projektkurs \u201aAlpiner Skilauf\u2018 der Gau\u00dfschule auf der Breitfu\u00dfalm in Saalbach-Hinterglemm statt. Die verantwortlichen Lehrer Chris Kurze, Andr\u00e9 Biem\u00fcller und Axel Meyer (Gau\u00dfschule) sowie Rita Pause, Katharina M\u00e4hlmann und Timo Galland (MK) sind allesamt ASF-Mitglieder. Als externe Skilehrer [&hellip;]","og_url":"https:\/\/asf-braunschweig.de\/?page_id=219","article_modified_time":"2023-04-11T17:21:58+00:00","og_image":[{"url":"https:\/\/asf-braunschweig.de\/wp-content\/uploads\/2023\/03\/Schulfahrt-unten-654x1024.jpg"}],"twitter_card":"summary_large_image","twitter_misc":{"Gesch\u00e4tzte Lesezeit":"1\u00a0Minute"},"schema":{"@context":"https:\/\/schema.org","@graph":[{"@type":"WebPage","@id":"https:\/\/asf-braunschweig.de\/?page_id=219","url":"https:\/\/asf-braunschweig.de\/?page_id=219","name":"Schulfahrt -","isPartOf":{"@id":"https:\/\/asf-braunschweig.de\/#website"},"datePublished":"2017-02-02T14:09:12+00:00","dateModified":"2023-04-11T17:21:58+00:00","breadcrumb":{"@id":"https:\/\/asf-braunschweig.de\/?page_id=219#breadcrumb"},"inLanguage":"de","potentialAction":[{"@type":"ReadAction","target":["https:\/\/asf-braunschweig.de\/?page_id=219"]}]},{"@type":"BreadcrumbList","@id":"https:\/\/asf-braunschweig.de\/?page_id=219#breadcrumb","itemListElement":[{"@type":"ListItem","position":1,"name":"Startseite","item":"https:\/\/asf-braunschweig.de\/"},{"@type":"ListItem","position":2,"name":"Schulfahrt"}]},{"@type":"WebSite","@id":"https:\/\/asf-braunschweig.de\/#website","url":"https:\/\/asf-braunschweig.de\/","name":"","description":"","potentialAction":[{"@type":"SearchAction","target":{"@type":"EntryPoint","urlTemplate":"https:\/\/asf-braunschweig.de\/?s={search_term_string}"},"query-input":"required name=search_term_string"}],"inLanguage":"de"}]}},"_links":{"self":[{"href":"https:\/\/asf-braunschweig.de\/index.php?rest_route=\/wp\/v2\/pages\/219"}],"collection":[{"href":"https:\/\/asf-braunschweig.de\/index.php?rest_route=\/wp\/v2\/pages"}],"about":[{"href":"https:\/\/asf-braunschweig.de\/index.php?rest_route=\/wp\/v2\/types\/page"}],"author":[{"embeddable":true,"href":"https:\/\/asf-braunschweig.de\/index.php?rest_route=\/wp\/v2\/users\/2"}],"replies":[{"embeddable":true,"href":"https:\/\/asf-braunschweig.de\/index.php?rest_route=%2Fwp%2Fv2%2Fcomments&post=219"}],"version-history":[{"count":14,"href":"https:\/\/asf-braunschweig.de\/index.php?rest_route=\/wp\/v2\/pages\/219\/revisions"}],"predecessor-version":[{"id":2167,"href":"https:\/\/asf-braunschweig.de\/index.php?rest_route=\/wp\/v2\/pages\/219\/revisions\/2167"}],"wp:attachment":[{"href":"https:\/\/asf-braunschweig.de\/index.php?rest_route=%2Fwp%2Fv2%2Fmedia&parent=219"}],"curies":[{"name":"wp","href":"https:\/\/api.w.org\/{rel}","templated":true}]}}