{"id":221,"date":"2017-02-02T15:09:31","date_gmt":"2017-02-02T14:09:31","guid":{"rendered":"http:\/\/localhost\/?page_id=221"},"modified":"2025-09-15T10:32:01","modified_gmt":"2025-09-15T10:32:01","slug":"praktikum","status":"publish","type":"page","link":"https:\/\/asf-braunschweig.de\/?page_id=221","title":{"rendered":"Praktikum\/ Training"},"content":{"rendered":"<p>Du hast gerade beim NSV die Ausbildung zum \u00dcbungsleiter-Grundstufe absolviert, willst mit Gleichgesinnten auf hohem Niveau trainieren und Dich weiterentwickeln und musst zudem Dein obligatorisches Praktikum absolvieren? Dann bist Du bei unserer Silvesterfahrt genau richtig. Unsere\u00a0 Landesausbilder im Team \u2013 Andre Preu\u00df, Chris Kurze und Olli Peters \u2013 bieten eine \u201aExperten-Gruppe\u2018 an, in der auf \u00dcbungsleiterniveau trainiert und gecoacht wird. Schwerpunkte sind das sportliche Fahren auf und neben der Piste (Gel\u00e4nde, Buckel). Durch individuelles Techniktraining wird Dein pers\u00f6nliches Fahrk\u00f6nnen weiter gesteigert.<br \/>\nDein obligatorisches Vereinspraktikum, welches 13 Lerneinheiten (2 Tage) umfassen muss, kannst Du ebenfalls w\u00e4hrend unserer Silvesterfahrt absolvieren, indem Du beim Unterrichten der Beginner oder Fortgeschrittenen im Team-Teaching gemeinsam mit unseren erfahrenen \u00dcbungsleitern hilfst oder eigenverantwortlich mit Kleingruppen zu abgesprochenen Themen trainierst. Auch diejenigen m\u00f6gen sich beim Angebot der \u201aExperten-Gruppe\u2018 angesprochen f\u00fchlen, die die Ausbildung zum \u00dcbungsleiter-Grundstufe erst noch anstreben und sich bei uns den Feinschliff holen wollen.<\/p>\n<p><img loading=\"lazy\" decoding=\"async\" class=\"alignnone size-medium wp-image-2064\" src=\"https:\/\/asf-braunschweig.de\/wp-content\/uploads\/2023\/03\/Schulfahrt-2-300x201.jpg\" alt=\"\" width=\"300\" height=\"201\" srcset=\"https:\/\/asf-braunschweig.de\/wp-content\/uploads\/2023\/03\/Schulfahrt-2-300x201.jpg 300w, https:\/\/asf-braunschweig.de\/wp-content\/uploads\/2023\/03\/Schulfahrt-2-768x514.jpg 768w, https:\/\/asf-braunschweig.de\/wp-content\/uploads\/2023\/03\/Schulfahrt-2-272x182.jpg 272w, https:\/\/asf-braunschweig.de\/wp-content\/uploads\/2023\/03\/Schulfahrt-2.jpg 800w\" sizes=\"(max-width: 300px) 100vw, 300px\" \/><img loading=\"lazy\" decoding=\"async\" class=\"size-medium wp-image-2065 alignleft\" src=\"https:\/\/asf-braunschweig.de\/wp-content\/uploads\/2023\/03\/Schulfahrt-3-300x201.jpg\" alt=\"\" width=\"300\" height=\"201\" srcset=\"https:\/\/asf-braunschweig.de\/wp-content\/uploads\/2023\/03\/Schulfahrt-3-300x201.jpg 300w, https:\/\/asf-braunschweig.de\/wp-content\/uploads\/2023\/03\/Schulfahrt-3-768x514.jpg 768w, https:\/\/asf-braunschweig.de\/wp-content\/uploads\/2023\/03\/Schulfahrt-3-272x182.jpg 272w, https:\/\/asf-braunschweig.de\/wp-content\/uploads\/2023\/03\/Schulfahrt-3.jpg 800w\" sizes=\"(max-width: 300px) 100vw, 300px\" \/><\/p>\n<p>Praktikumsnachweis:<span style=\"color: #ff0000;\"> <a style=\"color: #ff0000;\" href=\"http:\/\/www.nsv-ausbildung.de\/files\/NSV-Praktikumsnachweis.pdf\" target=\"_blank\" rel=\"noopener noreferrer\">http:\/\/www.nsv-ausbildung.de\/files\/NSV-Praktikumsnachweis.pdf<\/a><\/span><\/p>\n","protected":false},"excerpt":{"rendered":"<p>Du hast gerade beim NSV die Ausbildung zum \u00dcbungsleiter-Grundstufe absolviert, willst mit Gleichgesinnten auf hohem Niveau trainieren und Dich weiterentwickeln und musst zudem Dein obligatorisches Praktikum absolvieren? Dann bist Du bei unserer Silvesterfahrt genau richtig. Unsere\u00a0 Landesausbilder im Team \u2013 Andre Preu\u00df, Chris Kurze und Olli Peters \u2013 bieten eine \u201aExperten-Gruppe\u2018 an, in der auf [&hellip;]<\/p>\n","protected":false},"author":2,"featured_media":0,"parent":0,"menu_order":0,"comment_status":"closed","ping_status":"closed","template":"","meta":{"footnotes":""},"yoast_head":"<!-- This site is optimized with the Yoast SEO plugin v19.13-RC1 - https:\/\/yoast.com\/wordpress\/plugins\/seo\/ -->\n<title>Praktikum\/ Training -<\/title>\n<meta name=\"robots\" content=\"index, follow, max-snippet:-1, max-image-preview:large, max-video-preview:-1\" \/>\n<link rel=\"canonical\" href=\"https:\/\/asf-braunschweig.de\/?page_id=221\" \/>\n<meta property=\"og:locale\" content=\"de_DE\" \/>\n<meta property=\"og:type\" content=\"article\" \/>\n<meta property=\"og:title\" content=\"Praktikum\/ Training -\" \/>\n<meta property=\"og:description\" content=\"Du hast gerade beim NSV die Ausbildung zum \u00dcbungsleiter-Grundstufe absolviert, willst mit Gleichgesinnten auf hohem Niveau trainieren und Dich weiterentwickeln und musst zudem Dein obligatorisches Praktikum absolvieren? Dann bist Du bei unserer Silvesterfahrt genau richtig. Unsere\u00a0 Landesausbilder im Team \u2013 Andre Preu\u00df, Chris Kurze und Olli Peters \u2013 bieten eine \u201aExperten-Gruppe\u2018 an, in der auf [&hellip;]\" \/>\n<meta property=\"og:url\" content=\"https:\/\/asf-braunschweig.de\/?page_id=221\" \/>\n<meta property=\"article:modified_time\" content=\"2025-09-15T10:32:01+00:00\" \/>\n<meta property=\"og:image\" content=\"https:\/\/asf-braunschweig.de\/wp-content\/uploads\/2023\/03\/Schulfahrt-2-300x201.jpg\" \/>\n<meta name=\"twitter:card\" content=\"summary_large_image\" \/>\n<meta name=\"twitter:label1\" content=\"Gesch\u00e4tzte Lesezeit\" \/>\n\t<meta name=\"twitter:data1\" content=\"1\u00a0Minute\" \/>\n<script type=\"application\/ld+json\" class=\"yoast-schema-graph\">{\"@context\":\"https:\/\/schema.org\",\"@graph\":[{\"@type\":\"WebPage\",\"@id\":\"https:\/\/asf-braunschweig.de\/?page_id=221\",\"url\":\"https:\/\/asf-braunschweig.de\/?page_id=221\",\"name\":\"Praktikum\/ Training -\",\"isPartOf\":{\"@id\":\"https:\/\/asf-braunschweig.de\/#website\"},\"datePublished\":\"2017-02-02T14:09:31+00:00\",\"dateModified\":\"2025-09-15T10:32:01+00:00\",\"breadcrumb\":{\"@id\":\"https:\/\/asf-braunschweig.de\/?page_id=221#breadcrumb\"},\"inLanguage\":\"de\",\"potentialAction\":[{\"@type\":\"ReadAction\",\"target\":[\"https:\/\/asf-braunschweig.de\/?page_id=221\"]}]},{\"@type\":\"BreadcrumbList\",\"@id\":\"https:\/\/asf-braunschweig.de\/?page_id=221#breadcrumb\",\"itemListElement\":[{\"@type\":\"ListItem\",\"position\":1,\"name\":\"Startseite\",\"item\":\"https:\/\/asf-braunschweig.de\/\"},{\"@type\":\"ListItem\",\"position\":2,\"name\":\"Praktikum\/ Training\"}]},{\"@type\":\"WebSite\",\"@id\":\"https:\/\/asf-braunschweig.de\/#website\",\"url\":\"https:\/\/asf-braunschweig.de\/\",\"name\":\"\",\"description\":\"\",\"potentialAction\":[{\"@type\":\"SearchAction\",\"target\":{\"@type\":\"EntryPoint\",\"urlTemplate\":\"https:\/\/asf-braunschweig.de\/?s={search_term_string}\"},\"query-input\":\"required name=search_term_string\"}],\"inLanguage\":\"de\"}]}<\/script>\n<!-- \/ Yoast SEO plugin. -->","yoast_head_json":{"title":"Praktikum\/ Training -","robots":{"index":"index","follow":"follow","max-snippet":"max-snippet:-1","max-image-preview":"max-image-preview:large","max-video-preview":"max-video-preview:-1"},"canonical":"https:\/\/asf-braunschweig.de\/?page_id=221","og_locale":"de_DE","og_type":"article","og_title":"Praktikum\/ Training -","og_description":"Du hast gerade beim NSV die Ausbildung zum \u00dcbungsleiter-Grundstufe absolviert, willst mit Gleichgesinnten auf hohem Niveau trainieren und Dich weiterentwickeln und musst zudem Dein obligatorisches Praktikum absolvieren? Dann bist Du bei unserer Silvesterfahrt genau richtig. Unsere\u00a0 Landesausbilder im Team \u2013 Andre Preu\u00df, Chris Kurze und Olli Peters \u2013 bieten eine \u201aExperten-Gruppe\u2018 an, in der auf [&hellip;]","og_url":"https:\/\/asf-braunschweig.de\/?page_id=221","article_modified_time":"2025-09-15T10:32:01+00:00","og_image":[{"url":"https:\/\/asf-braunschweig.de\/wp-content\/uploads\/2023\/03\/Schulfahrt-2-300x201.jpg"}],"twitter_card":"summary_large_image","twitter_misc":{"Gesch\u00e4tzte Lesezeit":"1\u00a0Minute"},"schema":{"@context":"https:\/\/schema.org","@graph":[{"@type":"WebPage","@id":"https:\/\/asf-braunschweig.de\/?page_id=221","url":"https:\/\/asf-braunschweig.de\/?page_id=221","name":"Praktikum\/ Training -","isPartOf":{"@id":"https:\/\/asf-braunschweig.de\/#website"},"datePublished":"2017-02-02T14:09:31+00:00","dateModified":"2025-09-15T10:32:01+00:00","breadcrumb":{"@id":"https:\/\/asf-braunschweig.de\/?page_id=221#breadcrumb"},"inLanguage":"de","potentialAction":[{"@type":"ReadAction","target":["https:\/\/asf-braunschweig.de\/?page_id=221"]}]},{"@type":"BreadcrumbList","@id":"https:\/\/asf-braunschweig.de\/?page_id=221#breadcrumb","itemListElement":[{"@type":"ListItem","position":1,"name":"Startseite","item":"https:\/\/asf-braunschweig.de\/"},{"@type":"ListItem","position":2,"name":"Praktikum\/ Training"}]},{"@type":"WebSite","@id":"https:\/\/asf-braunschweig.de\/#website","url":"https:\/\/asf-braunschweig.de\/","name":"","description":"","potentialAction":[{"@type":"SearchAction","target":{"@type":"EntryPoint","urlTemplate":"https:\/\/asf-braunschweig.de\/?s={search_term_string}"},"query-input":"required name=search_term_string"}],"inLanguage":"de"}]}},"_links":{"self":[{"href":"https:\/\/asf-braunschweig.de\/index.php?rest_route=\/wp\/v2\/pages\/221"}],"collection":[{"href":"https:\/\/asf-braunschweig.de\/index.php?rest_route=\/wp\/v2\/pages"}],"about":[{"href":"https:\/\/asf-braunschweig.de\/index.php?rest_route=\/wp\/v2\/types\/page"}],"author":[{"embeddable":true,"href":"https:\/\/asf-braunschweig.de\/index.php?rest_route=\/wp\/v2\/users\/2"}],"replies":[{"embeddable":true,"href":"https:\/\/asf-braunschweig.de\/index.php?rest_route=%2Fwp%2Fv2%2Fcomments&post=221"}],"version-history":[{"count":24,"href":"https:\/\/asf-braunschweig.de\/index.php?rest_route=\/wp\/v2\/pages\/221\/revisions"}],"predecessor-version":[{"id":2880,"href":"https:\/\/asf-braunschweig.de\/index.php?rest_route=\/wp\/v2\/pages\/221\/revisions\/2880"}],"wp:attachment":[{"href":"https:\/\/asf-braunschweig.de\/index.php?rest_route=%2Fwp%2Fv2%2Fmedia&parent=221"}],"curies":[{"name":"wp","href":"https:\/\/api.w.org\/{rel}","templated":true}]}}