{"id":59,"date":"2017-01-24T10:32:42","date_gmt":"2017-01-24T09:32:42","guid":{"rendered":"http:\/\/localhost\/?page_id=59"},"modified":"2023-04-11T17:13:20","modified_gmt":"2023-04-11T17:13:20","slug":"verein","status":"publish","type":"page","link":"https:\/\/asf-braunschweig.de\/?page_id=59","title":{"rendered":"Verein"},"content":{"rendered":"\n<figure class=\"wp-block-gallery has-nested-images columns-default is-cropped wp-block-gallery-1 is-layout-flex wp-block-gallery-is-layout-flex\">\n<figure class=\"wp-block-image size-large\"><img loading=\"lazy\" decoding=\"async\" width=\"532\" height=\"1024\" data-id=\"2135\" src=\"https:\/\/asf-braunschweig.de\/wp-content\/uploads\/2023\/03\/Ruecken-e1679501258616-532x1024.jpg\" alt=\"\" class=\"wp-image-2135\" srcset=\"https:\/\/asf-braunschweig.de\/wp-content\/uploads\/2023\/03\/Ruecken-e1679501258616-532x1024.jpg 532w, https:\/\/asf-braunschweig.de\/wp-content\/uploads\/2023\/03\/Ruecken-e1679501258616-156x300.jpg 156w, https:\/\/asf-braunschweig.de\/wp-content\/uploads\/2023\/03\/Ruecken-e1679501258616.jpg 600w\" sizes=\"(max-width: 532px) 100vw, 532px\" \/><\/figure>\n\n\n\n<figure class=\"wp-block-image size-large\"><img loading=\"lazy\" decoding=\"async\" width=\"600\" height=\"800\" data-id=\"2079\" src=\"https:\/\/asf-braunschweig.de\/wp-content\/uploads\/2023\/03\/Verein-2.jpg\" alt=\"\" class=\"wp-image-2079\" srcset=\"https:\/\/asf-braunschweig.de\/wp-content\/uploads\/2023\/03\/Verein-2.jpg 600w, https:\/\/asf-braunschweig.de\/wp-content\/uploads\/2023\/03\/Verein-2-225x300.jpg 225w\" sizes=\"(max-width: 600px) 100vw, 600px\" \/><\/figure>\n\n\n\n<figure class=\"wp-block-image size-large\"><img loading=\"lazy\" decoding=\"async\" width=\"522\" height=\"800\" data-id=\"2078\" src=\"https:\/\/asf-braunschweig.de\/wp-content\/uploads\/2023\/03\/Verein-1-e1679499938991.jpg\" alt=\"\" class=\"wp-image-2078\" srcset=\"https:\/\/asf-braunschweig.de\/wp-content\/uploads\/2023\/03\/Verein-1-e1679499938991.jpg 522w, https:\/\/asf-braunschweig.de\/wp-content\/uploads\/2023\/03\/Verein-1-e1679499938991-196x300.jpg 196w\" sizes=\"(max-width: 522px) 100vw, 522px\" \/><\/figure>\n<\/figure>\n\n\n<p><br \/>Unser Verein wurde 1993 ins Leben gerufen und 1994 offiziell ins Vereinsregister beim Amtsgericht Braunschweig eingetragen, nachdem die Vereinssatzung zuvor mehrfach hatte \u00fcberarbeitet werden m\u00fcssen. Unter anderem lie\u00df es sich damals gegen\u00fcber den Finanzbeh\u00f6rden nicht rechtfertigen, die \u201eF\u00f6rderung der Geselligkeit&#8220; als vorrangigen Vereinszweck in der Satzung festzuschreiben, da das nicht als gemeinn\u00fctzig anerkannt wurde. Seit dieser Zeit ist der ASF auch fachlich im Nieders\u00e4chsischen Skiverband und r\u00e4umlich im Stadtsportbund Braunschweig organisiert. Aktuell haben wir 62 Mitglieder, davon haben die meisten eine \u00dcbungsleiterlizenz und acht Skilehrer (Wilhelm Alexander Schneider, Oliver Nie\u00df, Till R\u00fcckriem, Erik Fasten, Andre Preu\u00df, Chris Kurze, Rouven Quiehl und Markus Pira) sind sogar als Ausbilder im Landeslehrteam aktiv. Damit hat der ASF die wohl h\u00f6chste Ausbilderdichte im NSV, wenn nicht sogar im DSV. Vereinsvorsitzender ist seit November 2018 Oliver Peters, als Stellvertreter fungieren Chris Kurze und Andre Preu\u00df, der zus\u00e4tzlich noch als Kassenwart f\u00fcr die Finanzen verantwortlich ist.<br \/>Von 2005 bis 2018 war Peter Scholle Vereinsvorsitzender, Wilhelm Alexander Schneider und S\u00f6ren Franke die 2. Vorsitzenden. Alle drei wurden auf der Jahreshauptversammluing 2018 zu Ehrenmitgliedern ernannt. Zuvor leitete Olli Nie\u00df die Geschicke des Vereins. Seit der Amts\u00fcbernahme durch Peter Scholle firmiert die Skifreizeit \u00fcber Silvester unter der Flagge des ASF. Zuvor war es \u00fcber zwei Jahrzehnte eine Fahrt der DSV-Skischule des MTV Braunschweig unter Leitung von Volkmar Schlesinger, der den Staffelstab Silvester 2006 an Peter Scholle \u00fcbergab. In diesem Zusammenhang wurde auch das aktuelle Logo neu entworfen. Im Jahr 2017 hatte Peter Scholle bereits die Leitung der Fahrt an Chris Kurze und Oliver Peters \u00fcbergeben, die selber seit unz\u00e4hligen Jahren als Skilehrer die Fahrt begleiten und sie nun traditionsbewusst weiterf\u00fchren. Zu den unverw\u00fcstlichen Traditionen der Fahrt geh\u00f6ren der \u201aGl\u00fchweinabend\u2018 bei Gitarrenspiel und Gesang, der Sketch \u201aHerr Graf, es hat geklopft\u2018, die Fackelabfahrt zu Silvester und der Film \u201aAirplane \u2013 Die unglaubliche Reise in einem verr\u00fcckten Flugzeug\u2018, der allj\u00e4hrlich auf der Hinfahrt nach Hinterglemm im Bus geschaut wird.<\/p>\n<p><img loading=\"lazy\" decoding=\"async\" class=\"alignnone wp-image-1212\" src=\"https:\/\/asf-braunschweig.de\/wp-content\/uploads\/2018\/11\/saisoneroeffnung_2018_05-300x227.jpg\" alt=\"\" width=\"630\" height=\"476\" srcset=\"https:\/\/asf-braunschweig.de\/wp-content\/uploads\/2018\/11\/saisoneroeffnung_2018_05-300x227.jpg 300w, https:\/\/asf-braunschweig.de\/wp-content\/uploads\/2018\/11\/saisoneroeffnung_2018_05-768x580.jpg 768w, https:\/\/asf-braunschweig.de\/wp-content\/uploads\/2018\/11\/saisoneroeffnung_2018_05.jpg 1017w\" sizes=\"(max-width: 630px) 100vw, 630px\" \/><\/p>\n<p><span style=\"color: #ff0000;\"><a style=\"color: #ff0000;\" href=\"https:\/\/asf-braunschweig.de\/wp-content\/uploads\/2017\/02\/ASF_Vereinssatzung.pdf\" target=\"_blank\" rel=\"noopener\">Vereinssatzung<\/a><\/span><br \/><span style=\"color: #ff0000;\"><a style=\"color: #ff0000;\" href=\"https:\/\/asf-braunschweig.de\/wp-content\/uploads\/2021\/02\/ASF_Aufnahmeantrag_2020.pdf\" target=\"_blank\" rel=\"noopener\">Aufnahmeantrag<\/a><\/span><br \/><span style=\"color: #ff0000;\"> <a style=\"color: #ff0000;\" href=\"https:\/\/asf-braunschweig.de\/wp-content\/uploads\/2021\/02\/ASF_SEPA_Lastschrift_2020.pdf\" target=\"_blank\" rel=\"noopener\">Lastschriftmandat<\/a><\/span><\/p>","protected":false},"excerpt":{"rendered":"<p>Unser Verein wurde 1993 ins Leben gerufen und 1994 offiziell ins Vereinsregister beim Amtsgericht Braunschweig eingetragen, nachdem die Vereinssatzung zuvor mehrfach hatte \u00fcberarbeitet werden m\u00fcssen. Unter anderem lie\u00df es sich damals gegen\u00fcber den Finanzbeh\u00f6rden nicht rechtfertigen, die \u201eF\u00f6rderung der Geselligkeit&#8220; als vorrangigen Vereinszweck in der Satzung festzuschreiben, da das nicht als gemeinn\u00fctzig anerkannt wurde. Seit [&hellip;]<\/p>\n","protected":false},"author":2,"featured_media":0,"parent":0,"menu_order":0,"comment_status":"closed","ping_status":"closed","template":"","meta":{"footnotes":""},"yoast_head":"<!-- This site is optimized with the Yoast SEO plugin v19.13-RC1 - https:\/\/yoast.com\/wordpress\/plugins\/seo\/ -->\n<title>Verein -<\/title>\n<meta name=\"robots\" content=\"index, follow, max-snippet:-1, max-image-preview:large, max-video-preview:-1\" \/>\n<link rel=\"canonical\" href=\"https:\/\/asf-braunschweig.de\/?page_id=59\" \/>\n<meta property=\"og:locale\" content=\"de_DE\" \/>\n<meta property=\"og:type\" content=\"article\" \/>\n<meta property=\"og:title\" content=\"Verein -\" \/>\n<meta property=\"og:description\" content=\"Unser Verein wurde 1993 ins Leben gerufen und 1994 offiziell ins Vereinsregister beim Amtsgericht Braunschweig eingetragen, nachdem die Vereinssatzung zuvor mehrfach hatte \u00fcberarbeitet werden m\u00fcssen. Unter anderem lie\u00df es sich damals gegen\u00fcber den Finanzbeh\u00f6rden nicht rechtfertigen, die \u201eF\u00f6rderung der Geselligkeit&#8220; als vorrangigen Vereinszweck in der Satzung festzuschreiben, da das nicht als gemeinn\u00fctzig anerkannt wurde. Seit [&hellip;]\" \/>\n<meta property=\"og:url\" content=\"https:\/\/asf-braunschweig.de\/?page_id=59\" \/>\n<meta property=\"article:modified_time\" content=\"2023-04-11T17:13:20+00:00\" \/>\n<meta property=\"og:image\" content=\"https:\/\/asf-braunschweig.de\/wp-content\/uploads\/2023\/03\/Ruecken-e1679501258616-532x1024.jpg\" \/>\n<meta name=\"twitter:card\" content=\"summary_large_image\" \/>\n<meta name=\"twitter:label1\" content=\"Gesch\u00e4tzte Lesezeit\" \/>\n\t<meta name=\"twitter:data1\" content=\"2\u00a0Minuten\" \/>\n<script type=\"application\/ld+json\" class=\"yoast-schema-graph\">{\"@context\":\"https:\/\/schema.org\",\"@graph\":[{\"@type\":\"WebPage\",\"@id\":\"https:\/\/asf-braunschweig.de\/?page_id=59\",\"url\":\"https:\/\/asf-braunschweig.de\/?page_id=59\",\"name\":\"Verein -\",\"isPartOf\":{\"@id\":\"https:\/\/asf-braunschweig.de\/#website\"},\"datePublished\":\"2017-01-24T09:32:42+00:00\",\"dateModified\":\"2023-04-11T17:13:20+00:00\",\"breadcrumb\":{\"@id\":\"https:\/\/asf-braunschweig.de\/?page_id=59#breadcrumb\"},\"inLanguage\":\"de\",\"potentialAction\":[{\"@type\":\"ReadAction\",\"target\":[\"https:\/\/asf-braunschweig.de\/?page_id=59\"]}]},{\"@type\":\"BreadcrumbList\",\"@id\":\"https:\/\/asf-braunschweig.de\/?page_id=59#breadcrumb\",\"itemListElement\":[{\"@type\":\"ListItem\",\"position\":1,\"name\":\"Startseite\",\"item\":\"https:\/\/asf-braunschweig.de\/\"},{\"@type\":\"ListItem\",\"position\":2,\"name\":\"Verein\"}]},{\"@type\":\"WebSite\",\"@id\":\"https:\/\/asf-braunschweig.de\/#website\",\"url\":\"https:\/\/asf-braunschweig.de\/\",\"name\":\"\",\"description\":\"\",\"potentialAction\":[{\"@type\":\"SearchAction\",\"target\":{\"@type\":\"EntryPoint\",\"urlTemplate\":\"https:\/\/asf-braunschweig.de\/?s={search_term_string}\"},\"query-input\":\"required name=search_term_string\"}],\"inLanguage\":\"de\"}]}<\/script>\n<!-- \/ Yoast SEO plugin. -->","yoast_head_json":{"title":"Verein -","robots":{"index":"index","follow":"follow","max-snippet":"max-snippet:-1","max-image-preview":"max-image-preview:large","max-video-preview":"max-video-preview:-1"},"canonical":"https:\/\/asf-braunschweig.de\/?page_id=59","og_locale":"de_DE","og_type":"article","og_title":"Verein -","og_description":"Unser Verein wurde 1993 ins Leben gerufen und 1994 offiziell ins Vereinsregister beim Amtsgericht Braunschweig eingetragen, nachdem die Vereinssatzung zuvor mehrfach hatte \u00fcberarbeitet werden m\u00fcssen. Unter anderem lie\u00df es sich damals gegen\u00fcber den Finanzbeh\u00f6rden nicht rechtfertigen, die \u201eF\u00f6rderung der Geselligkeit&#8220; als vorrangigen Vereinszweck in der Satzung festzuschreiben, da das nicht als gemeinn\u00fctzig anerkannt wurde. Seit [&hellip;]","og_url":"https:\/\/asf-braunschweig.de\/?page_id=59","article_modified_time":"2023-04-11T17:13:20+00:00","og_image":[{"url":"https:\/\/asf-braunschweig.de\/wp-content\/uploads\/2023\/03\/Ruecken-e1679501258616-532x1024.jpg"}],"twitter_card":"summary_large_image","twitter_misc":{"Gesch\u00e4tzte Lesezeit":"2\u00a0Minuten"},"schema":{"@context":"https:\/\/schema.org","@graph":[{"@type":"WebPage","@id":"https:\/\/asf-braunschweig.de\/?page_id=59","url":"https:\/\/asf-braunschweig.de\/?page_id=59","name":"Verein -","isPartOf":{"@id":"https:\/\/asf-braunschweig.de\/#website"},"datePublished":"2017-01-24T09:32:42+00:00","dateModified":"2023-04-11T17:13:20+00:00","breadcrumb":{"@id":"https:\/\/asf-braunschweig.de\/?page_id=59#breadcrumb"},"inLanguage":"de","potentialAction":[{"@type":"ReadAction","target":["https:\/\/asf-braunschweig.de\/?page_id=59"]}]},{"@type":"BreadcrumbList","@id":"https:\/\/asf-braunschweig.de\/?page_id=59#breadcrumb","itemListElement":[{"@type":"ListItem","position":1,"name":"Startseite","item":"https:\/\/asf-braunschweig.de\/"},{"@type":"ListItem","position":2,"name":"Verein"}]},{"@type":"WebSite","@id":"https:\/\/asf-braunschweig.de\/#website","url":"https:\/\/asf-braunschweig.de\/","name":"","description":"","potentialAction":[{"@type":"SearchAction","target":{"@type":"EntryPoint","urlTemplate":"https:\/\/asf-braunschweig.de\/?s={search_term_string}"},"query-input":"required name=search_term_string"}],"inLanguage":"de"}]}},"_links":{"self":[{"href":"https:\/\/asf-braunschweig.de\/index.php?rest_route=\/wp\/v2\/pages\/59"}],"collection":[{"href":"https:\/\/asf-braunschweig.de\/index.php?rest_route=\/wp\/v2\/pages"}],"about":[{"href":"https:\/\/asf-braunschweig.de\/index.php?rest_route=\/wp\/v2\/types\/page"}],"author":[{"embeddable":true,"href":"https:\/\/asf-braunschweig.de\/index.php?rest_route=\/wp\/v2\/users\/2"}],"replies":[{"embeddable":true,"href":"https:\/\/asf-braunschweig.de\/index.php?rest_route=%2Fwp%2Fv2%2Fcomments&post=59"}],"version-history":[{"count":13,"href":"https:\/\/asf-braunschweig.de\/index.php?rest_route=\/wp\/v2\/pages\/59\/revisions"}],"predecessor-version":[{"id":2165,"href":"https:\/\/asf-braunschweig.de\/index.php?rest_route=\/wp\/v2\/pages\/59\/revisions\/2165"}],"wp:attachment":[{"href":"https:\/\/asf-braunschweig.de\/index.php?rest_route=%2Fwp%2Fv2%2Fmedia&parent=59"}],"curies":[{"name":"wp","href":"https:\/\/api.w.org\/{rel}","templated":true}]}}