{"id":65,"date":"2017-01-24T10:33:30","date_gmt":"2017-01-24T09:33:30","guid":{"rendered":"http:\/\/localhost\/?page_id=65"},"modified":"2026-01-05T07:00:43","modified_gmt":"2026-01-05T07:00:43","slug":"buchung","status":"publish","type":"page","link":"https:\/\/asf-braunschweig.de\/?page_id=65","title":{"rendered":"Buchen"},"content":{"rendered":"<h4 style=\"text-align: center;\">Anmeldung zur ASF-Silvesterfahrt 2025\/2026 nach Hinterglemm<\/h4>\n<p><strong>Veranstalter:<\/strong> Alpine Spochtsfreunde e.V. (ASF)<\/p>\n<p><strong>Leitung:<\/strong> Chris Kurze und Oliver Peters<\/p>\n<p><strong>Reisedatum:<\/strong> 25.12.2026 &#8211; 02.01.2027<\/p>\n<p><strong>Leistungen:<\/strong> Fahrt im modernen Reisebus, Unterkunft mit Halbpension, 6-Tage Skipass, qualifizierter Ski- und Snowboardunterricht und legend\u00e4res Rahmenprogramm<\/p>\n<p><strong>Kosten:<\/strong> 1190,00 Euro<\/p>\n<p><strong>\u00a0<\/strong><\/p>\n\n<div class=\"wpcf7 no-js\" id=\"wpcf7-f406-o1\" lang=\"de-DE\" dir=\"ltr\">\n<div class=\"screen-reader-response\"><p role=\"status\" aria-live=\"polite\" aria-atomic=\"true\"><\/p> <ul><\/ul><\/div>\n<form action=\"\/index.php?rest_route=%2Fwp%2Fv2%2Fpages%2F65#wpcf7-f406-o1\" method=\"post\" class=\"wpcf7-form init wpcf7-acceptance-as-validation\" aria-label=\"Kontaktformular\" novalidate=\"novalidate\" data-status=\"init\">\n<div style=\"display: none;\">\n<input type=\"hidden\" name=\"_wpcf7\" value=\"406\" \/>\n<input type=\"hidden\" name=\"_wpcf7_version\" value=\"5.8.1\" \/>\n<input type=\"hidden\" name=\"_wpcf7_locale\" value=\"de_DE\" \/>\n<input type=\"hidden\" name=\"_wpcf7_unit_tag\" value=\"wpcf7-f406-o1\" \/>\n<input type=\"hidden\" name=\"_wpcf7_container_post\" value=\"0\" \/>\n<input type=\"hidden\" name=\"_wpcf7_posted_data_hash\" value=\"\" \/>\n<\/div>\n<p><span class=\"wpcf7-form-control-wrap\" data-name=\"vorname\"><input size=\"40\" class=\"wpcf7-form-control wpcf7-text wpcf7-validates-as-required\" aria-required=\"true\" aria-invalid=\"false\" placeholder=\"Vorname*\" value=\"\" type=\"text\" name=\"vorname\" \/><\/span><span class=\"wpcf7-form-control-wrap\" data-name=\"nachname\"><input size=\"40\" class=\"wpcf7-form-control wpcf7-text wpcf7-validates-as-required\" aria-required=\"true\" aria-invalid=\"false\" placeholder=\"Nachname*\" value=\"\" type=\"text\" name=\"nachname\" \/><\/span><span class=\"wpcf7-form-control-wrap\" data-name=\"gebdatum\"><input size=\"12\" class=\"wpcf7-form-control wpcf7-text wpcf7-validates-as-required\" aria-required=\"true\" aria-invalid=\"false\" placeholder=\"Geburtsdatum*\" value=\"\" type=\"text\" name=\"gebdatum\" \/><\/span>\n<\/p>\n<p><span class=\"wpcf7-form-control-wrap\" data-name=\"strasse\"><input size=\"40\" class=\"wpcf7-form-control wpcf7-text wpcf7-validates-as-required\" aria-required=\"true\" aria-invalid=\"false\" placeholder=\"Stra\u00dfe*\" value=\"\" type=\"text\" name=\"strasse\" \/><\/span><span class=\"wpcf7-form-control-wrap\" data-name=\"PLZ\"><input size=\"8\" class=\"wpcf7-form-control wpcf7-text wpcf7-validates-as-required\" aria-required=\"true\" aria-invalid=\"false\" placeholder=\"PLZ*\" value=\"\" type=\"text\" name=\"PLZ\" \/><\/span><span class=\"wpcf7-form-control-wrap\" data-name=\"Ort\"><input size=\"40\" class=\"wpcf7-form-control wpcf7-text wpcf7-validates-as-required\" aria-required=\"true\" aria-invalid=\"false\" placeholder=\"Ort*\" value=\"\" type=\"text\" name=\"Ort\" \/><\/span>\n<\/p>\n<p><span class=\"wpcf7-form-control-wrap\" data-name=\"home\"><input size=\"20\" class=\"wpcf7-form-control wpcf7-tel wpcf7-text wpcf7-validates-as-tel\" aria-invalid=\"false\" placeholder=\"Telefon\" value=\"\" type=\"tel\" name=\"home\" \/><\/span><span class=\"wpcf7-form-control-wrap\" data-name=\"mobil\"><input size=\"20\" class=\"wpcf7-form-control wpcf7-tel wpcf7-text wpcf7-validates-as-tel\" aria-invalid=\"false\" placeholder=\"Mobil\" value=\"\" type=\"tel\" name=\"mobil\" \/><\/span><span class=\"wpcf7-form-control-wrap\" data-name=\"email\"><input size=\"40\" class=\"wpcf7-form-control wpcf7-email wpcf7-validates-as-required wpcf7-text wpcf7-validates-as-email\" aria-required=\"true\" aria-invalid=\"false\" placeholder=\"Email*\" value=\"\" type=\"email\" name=\"email\" \/><\/span>\n<\/p>\n<p><label>Sportart und K\u00f6nnensstand nur f\u00fcr eine Sportart eintragen.<\/label><br \/>\n<span class=\"wpcf7-form-control-wrap\" data-name=\"auswahlsportart\"><span class=\"wpcf7-form-control wpcf7-radio\"><span class=\"wpcf7-list-item first\"><span class=\"wpcf7-list-item-label\">Ski<\/span><input type=\"radio\" name=\"auswahlsportart\" value=\"Ski\" checked=\"checked\" \/><\/span><span class=\"wpcf7-list-item last\"><span class=\"wpcf7-list-item-label\">Snowboard<\/span><input type=\"radio\" name=\"auswahlsportart\" value=\"Snowboard\" \/><\/span><\/span><\/span><br \/>\n<span class=\"wpcf7-form-control-wrap\" data-name=\"koennensstand\"><span class=\"wpcf7-form-control wpcf7-radio\"><span class=\"wpcf7-list-item first\"><span class=\"wpcf7-list-item-label\">Beginner<\/span><input type=\"radio\" name=\"koennensstand\" value=\"Beginner\" checked=\"checked\" \/><\/span><span class=\"wpcf7-list-item\"><span class=\"wpcf7-list-item-label\">Fortgeschrittener<\/span><input type=\"radio\" name=\"koennensstand\" value=\"Fortgeschrittener\" \/><\/span><span class=\"wpcf7-list-item\"><span class=\"wpcf7-list-item-label\">K\u00f6nner<\/span><input type=\"radio\" name=\"koennensstand\" value=\"K\u00f6nner\" \/><\/span><span class=\"wpcf7-list-item last\"><span class=\"wpcf7-list-item-label\">Experte\/ \u00dcbungsleiter<\/span><input type=\"radio\" name=\"koennensstand\" value=\"Experte\/ \u00dcbungsleiter\" \/><\/span><\/span><\/span>\n<\/p>\n<p><label>Mit der Anmeldung akzeptiere ich die untenstehenden Reisebedingungen. <span class=\"wpcf7-form-control-wrap\" data-name=\"reisebed\"><span class=\"wpcf7-form-control wpcf7-acceptance\"><span class=\"wpcf7-list-item\"><input type=\"checkbox\" name=\"reisebed\" value=\"1\" aria-invalid=\"false\" \/><\/span><\/span><\/span><\/label>\n<\/p>\n<p><label>Sicherheitsabfrage: <span class=\"wpcf7-form-control-wrap\" data-name=\"quiz\"><label><span class=\"wpcf7-quiz-label\">3+4=<\/span> <input size=\"2\" class=\"wpcf7-form-control wpcf7-quiz\" autocomplete=\"off\" aria-required=\"true\" aria-invalid=\"false\" type=\"text\" name=\"quiz\" \/><\/label><input type=\"hidden\" name=\"_wpcf7_quiz_answer_quiz\" value=\"d94c89abdef6ded76f1f25b20494e07f\" \/><\/span><\/label>\n<\/p>\n<p><input class=\"wpcf7-form-control wpcf7-submit has-spinner\" type=\"submit\" value=\"Verbindlich anmelden\" \/>\n<\/p><div class=\"wpcf7-response-output\" aria-hidden=\"true\"><\/div>\n<\/form>\n<\/div>\n\n<p><strong>Reisebedingungen:<\/strong><\/p>\n<ol>\n<li><strong>Anzahlung:<\/strong> 300,00 Euro an Christian Kurze (ASF Braunschweig) IBAN: DE88270700240041862401, Deutsche Bank, BIC: DEUTDEDB270 ist mit der Anmeldung sofort zu entrichten. Der Restbetrag ist ohne weitere Aufforderung bis zum 19.11.2026 einzuzahlen. Verwendungszweck: ASF-Silvesterfahrt 2026 + Name.<\/li>\n<li>Eine verbindliche Anmeldung erfolgt unter Anerkennung der Reisebedingungen. Eine Reservierung kommt durch Onlineanmeldung oder schriftliche Anmeldung und Anzahlung zustande.<\/li>\n<li>Melden sich f\u00fcr die Fahrt mehr Teilnehmer an, als Pl\u00e4tze vorhanden, so beh\u00e4lt sich der Veranstalter das Recht vor, Anmeldungen zur\u00fcckzuweisen.<\/li>\n<li>Tritt der Teilnehmer von der Anmeldung zur\u00fcck, so entsteht eine Unkostenpauschale in der H\u00f6he der Anzahlung. Der Teilnehmer kann bis zum Reisebeginn dem Veranstalter eine Ersatzperson nennen, die statt seiner die Reise antritt.<\/li>\n<li><strong>Haftung:<\/strong> Die Teilnahme am Skiunterricht erfolgt auf eigene Gefahr. Die Mitnahme von Sportger\u00e4ten (Ski, Snowboard o.\u00e4) erfolgt ebenfalls auf eigene Gefahr. Der Veranstalter und die Betreuer \u00fcbernehmen keinerlei Haftung. Empfehlenswert ist der Abschluss einer DSV Ski Versicherung, die in jedem Sportgesch\u00e4ft abgeschlossen werden kann.<\/li>\n<li><strong>Versicherung:<\/strong> Jeder Teilnehmer ist \u00fcber seine gesetzliche bzw. private Versicherung versichert.<\/li>\n<li><strong>Teilnehmererkl\u00e4rung:<\/strong> Ich bin mir der Gefahren bewusst, welche die Aus\u00fcbung von Wintersport beinhaltet, wie z.B. die durch Schwerkraft bewirkten Gefahren. Ich muss selbst aufgrund meiner physischen F\u00e4higkeiten und technischen Ausr\u00fcstung beurteilen, ob die Pistenbedingungen nicht zu gef\u00e4hrlich f\u00fcr mich sind. Ich bin mir bewusst, dass ich gegen\u00fcber Drittpersonen f\u00fcr Sch\u00e4den infolge von K\u00f6rperverletzung oder Sachbesch\u00e4digung, welche auf meine Teilnahme zur\u00fcck zu f\u00fchren sind, haftbar sein kann. Ebenso kann ich f\u00fcr den Verlust oder Besch\u00e4digung von Testmaterial haftbar gemacht werden. Ich erkenne an, dass es nicht der Verantwortung des Reiseveranstalters unterliegt, meine Ausr\u00fcstung zu pr\u00fcfen oder zu \u00fcberwachen. Ich pr\u00fcfe selbst vor jeder Abfahrt den Zustand meiner Sportausr\u00fcstung sowie deren Funktionsf\u00e4higkeit und bin selbst f\u00fcr mein gesamtes Equipment am Berg verantwortlich.<\/li>\n<li><strong>Datenschutz:<\/strong> Ich habe die <a href=\"https:\/\/asf-braunschweig.de\/?page_id=1085\">Datenschutzerkl\u00e4rung<\/a> der Alpinen Spochtsfreunde gelesen und erteile die Erlaubnis meine Daten zur Durchf\u00fchrung dieser Freizeit zu verwenden.<\/li>\n<\/ol>\n","protected":false},"excerpt":{"rendered":"<p>Anmeldung zur ASF-Silvesterfahrt 2025\/2026 nach Hinterglemm Veranstalter: Alpine Spochtsfreunde e.V. (ASF) Leitung: Chris Kurze und Oliver Peters Reisedatum: 25.12.2026 &#8211; 02.01.2027 Leistungen: Fahrt im modernen Reisebus, Unterkunft mit Halbpension, 6-Tage Skipass, qualifizierter Ski- und Snowboardunterricht und legend\u00e4res Rahmenprogramm Kosten: 1190,00 Euro \u00a0 Reisebedingungen: Anzahlung: 300,00 Euro an Christian Kurze (ASF Braunschweig) IBAN: DE88270700240041862401, Deutsche Bank, [&hellip;]<\/p>\n","protected":false},"author":2,"featured_media":0,"parent":0,"menu_order":0,"comment_status":"closed","ping_status":"closed","template":"","meta":{"footnotes":""},"yoast_head":"<!-- This site is optimized with the Yoast SEO plugin v19.13-RC1 - https:\/\/yoast.com\/wordpress\/plugins\/seo\/ -->\n<title>Buchen -<\/title>\n<meta name=\"robots\" content=\"index, follow, max-snippet:-1, max-image-preview:large, max-video-preview:-1\" \/>\n<link rel=\"canonical\" href=\"https:\/\/asf-braunschweig.de\/?page_id=65\" \/>\n<meta property=\"og:locale\" content=\"de_DE\" \/>\n<meta property=\"og:type\" content=\"article\" \/>\n<meta property=\"og:title\" content=\"Buchen -\" \/>\n<meta property=\"og:description\" content=\"Anmeldung zur ASF-Silvesterfahrt 2025\/2026 nach Hinterglemm Veranstalter: Alpine Spochtsfreunde e.V. (ASF) Leitung: Chris Kurze und Oliver Peters Reisedatum: 25.12.2026 &#8211; 02.01.2027 Leistungen: Fahrt im modernen Reisebus, Unterkunft mit Halbpension, 6-Tage Skipass, qualifizierter Ski- und Snowboardunterricht und legend\u00e4res Rahmenprogramm Kosten: 1190,00 Euro \u00a0 Reisebedingungen: Anzahlung: 300,00 Euro an Christian Kurze (ASF Braunschweig) IBAN: DE88270700240041862401, Deutsche Bank, [&hellip;]\" \/>\n<meta property=\"og:url\" content=\"https:\/\/asf-braunschweig.de\/?page_id=65\" \/>\n<meta property=\"article:modified_time\" content=\"2026-01-05T07:00:43+00:00\" \/>\n<meta name=\"twitter:card\" content=\"summary_large_image\" \/>\n<meta name=\"twitter:label1\" content=\"Gesch\u00e4tzte Lesezeit\" \/>\n\t<meta name=\"twitter:data1\" content=\"2\u00a0Minuten\" \/>\n<script type=\"application\/ld+json\" class=\"yoast-schema-graph\">{\"@context\":\"https:\/\/schema.org\",\"@graph\":[{\"@type\":\"WebPage\",\"@id\":\"https:\/\/asf-braunschweig.de\/?page_id=65\",\"url\":\"https:\/\/asf-braunschweig.de\/?page_id=65\",\"name\":\"Buchen -\",\"isPartOf\":{\"@id\":\"https:\/\/asf-braunschweig.de\/#website\"},\"datePublished\":\"2017-01-24T09:33:30+00:00\",\"dateModified\":\"2026-01-05T07:00:43+00:00\",\"breadcrumb\":{\"@id\":\"https:\/\/asf-braunschweig.de\/?page_id=65#breadcrumb\"},\"inLanguage\":\"de\",\"potentialAction\":[{\"@type\":\"ReadAction\",\"target\":[\"https:\/\/asf-braunschweig.de\/?page_id=65\"]}]},{\"@type\":\"BreadcrumbList\",\"@id\":\"https:\/\/asf-braunschweig.de\/?page_id=65#breadcrumb\",\"itemListElement\":[{\"@type\":\"ListItem\",\"position\":1,\"name\":\"Startseite\",\"item\":\"https:\/\/asf-braunschweig.de\/\"},{\"@type\":\"ListItem\",\"position\":2,\"name\":\"Buchen\"}]},{\"@type\":\"WebSite\",\"@id\":\"https:\/\/asf-braunschweig.de\/#website\",\"url\":\"https:\/\/asf-braunschweig.de\/\",\"name\":\"\",\"description\":\"\",\"potentialAction\":[{\"@type\":\"SearchAction\",\"target\":{\"@type\":\"EntryPoint\",\"urlTemplate\":\"https:\/\/asf-braunschweig.de\/?s={search_term_string}\"},\"query-input\":\"required name=search_term_string\"}],\"inLanguage\":\"de\"}]}<\/script>\n<!-- \/ Yoast SEO plugin. -->","yoast_head_json":{"title":"Buchen -","robots":{"index":"index","follow":"follow","max-snippet":"max-snippet:-1","max-image-preview":"max-image-preview:large","max-video-preview":"max-video-preview:-1"},"canonical":"https:\/\/asf-braunschweig.de\/?page_id=65","og_locale":"de_DE","og_type":"article","og_title":"Buchen -","og_description":"Anmeldung zur ASF-Silvesterfahrt 2025\/2026 nach Hinterglemm Veranstalter: Alpine Spochtsfreunde e.V. (ASF) Leitung: Chris Kurze und Oliver Peters Reisedatum: 25.12.2026 &#8211; 02.01.2027 Leistungen: Fahrt im modernen Reisebus, Unterkunft mit Halbpension, 6-Tage Skipass, qualifizierter Ski- und Snowboardunterricht und legend\u00e4res Rahmenprogramm Kosten: 1190,00 Euro \u00a0 Reisebedingungen: Anzahlung: 300,00 Euro an Christian Kurze (ASF Braunschweig) IBAN: DE88270700240041862401, Deutsche Bank, [&hellip;]","og_url":"https:\/\/asf-braunschweig.de\/?page_id=65","article_modified_time":"2026-01-05T07:00:43+00:00","twitter_card":"summary_large_image","twitter_misc":{"Gesch\u00e4tzte Lesezeit":"2\u00a0Minuten"},"schema":{"@context":"https:\/\/schema.org","@graph":[{"@type":"WebPage","@id":"https:\/\/asf-braunschweig.de\/?page_id=65","url":"https:\/\/asf-braunschweig.de\/?page_id=65","name":"Buchen -","isPartOf":{"@id":"https:\/\/asf-braunschweig.de\/#website"},"datePublished":"2017-01-24T09:33:30+00:00","dateModified":"2026-01-05T07:00:43+00:00","breadcrumb":{"@id":"https:\/\/asf-braunschweig.de\/?page_id=65#breadcrumb"},"inLanguage":"de","potentialAction":[{"@type":"ReadAction","target":["https:\/\/asf-braunschweig.de\/?page_id=65"]}]},{"@type":"BreadcrumbList","@id":"https:\/\/asf-braunschweig.de\/?page_id=65#breadcrumb","itemListElement":[{"@type":"ListItem","position":1,"name":"Startseite","item":"https:\/\/asf-braunschweig.de\/"},{"@type":"ListItem","position":2,"name":"Buchen"}]},{"@type":"WebSite","@id":"https:\/\/asf-braunschweig.de\/#website","url":"https:\/\/asf-braunschweig.de\/","name":"","description":"","potentialAction":[{"@type":"SearchAction","target":{"@type":"EntryPoint","urlTemplate":"https:\/\/asf-braunschweig.de\/?s={search_term_string}"},"query-input":"required name=search_term_string"}],"inLanguage":"de"}]}},"_links":{"self":[{"href":"https:\/\/asf-braunschweig.de\/index.php?rest_route=\/wp\/v2\/pages\/65"}],"collection":[{"href":"https:\/\/asf-braunschweig.de\/index.php?rest_route=\/wp\/v2\/pages"}],"about":[{"href":"https:\/\/asf-braunschweig.de\/index.php?rest_route=\/wp\/v2\/types\/page"}],"author":[{"embeddable":true,"href":"https:\/\/asf-braunschweig.de\/index.php?rest_route=\/wp\/v2\/users\/2"}],"replies":[{"embeddable":true,"href":"https:\/\/asf-braunschweig.de\/index.php?rest_route=%2Fwp%2Fv2%2Fcomments&post=65"}],"version-history":[{"count":124,"href":"https:\/\/asf-braunschweig.de\/index.php?rest_route=\/wp\/v2\/pages\/65\/revisions"}],"predecessor-version":[{"id":3060,"href":"https:\/\/asf-braunschweig.de\/index.php?rest_route=\/wp\/v2\/pages\/65\/revisions\/3060"}],"wp:attachment":[{"href":"https:\/\/asf-braunschweig.de\/index.php?rest_route=%2Fwp%2Fv2%2Fmedia&parent=65"}],"curies":[{"name":"wp","href":"https:\/\/api.w.org\/{rel}","templated":true}]}}